{"id":930,"date":"2013-03-03T12:13:30","date_gmt":"2013-03-03T12:13:30","guid":{"rendered":"http:\/\/theretailer.getbowtied.com\/blank\/?page_id=930"},"modified":"2017-04-27T10:32:05","modified_gmt":"2017-04-27T10:32:05","slug":"el-equipo","status":"publish","type":"page","link":"https:\/\/farmaciaruizgolvano.com\/?page_id=930","title":{"rendered":"El Equipo"},"content":{"rendered":"<div class=\"wpb-content-wrapper\"><p>[vc_row][vc_column width=\u00bb1\/1&#8243;][vc_column_text css=\u00bb.vc_custom_1416403272625{margin-bottom: 20px !important;}\u00bb]En la <strong>Farmacia y Ortopedia Ruiz Golvano<\/strong> apostamos por la innovaci\u00f3n y por la formaci\u00f3n continua de todo el equipo. Asimismo, la gesti\u00f3n de todos los procesos que realizamos en la farmacia Ruiz Golvano se realizan de acuerdo a criterios de calidad, siendo la mejora continua un objetivo prioritario para todos nosotros.<\/p>\n<p>Por todas estas razones, en nuestra farmacia encontrar\u00e1s un <strong>equipo de profesionales joven y din\u00e1mico<\/strong>, que te ofrecer\u00e1 <strong>asesoramiento en\u00a0temas de salud y bienestar<\/strong>, siempre con un trato amable y cercano.[\/vc_column_text][\/vc_column][\/vc_row][vc_row type=\u00bbfull_width\u00bb height=\u00bb80&#8243; background_style=\u00bbparallax\u00bb css=\u00bb.vc_custom_1409920583659{margin-top: 20px !important;margin-bottom: 20px !important;}\u00bb][vc_column width=\u00bb1\/1&#8243;][vc_separator][\/vc_column][\/vc_row]<\/p>\n<\/div>","protected":false},"excerpt":{"rendered":"<p>[vc_row][vc_column width=\u00bb1\/1&#8243;][vc_column_text css=\u00bb.vc_custom_1416403272625{margin-bottom: 20px !important;}\u00bb]En la Farmacia y Ortopedia Ruiz Golvano apostamos por la innovaci\u00f3n y por la formaci\u00f3n continua de todo el equipo. Asimismo, la gesti\u00f3n de todos los procesos que realizamos en la farmacia Ruiz Golvano se realizan de acuerdo a criterios de calidad, siendo la mejora continua un objetivo prioritario para todos [&hellip;]<\/p>\n","protected":false},"author":8,"featured_media":0,"parent":0,"menu_order":0,"comment_status":"closed","ping_status":"closed","template":"","meta":{"footnotes":""},"class_list":["post-930","page","type-page","status-publish","hentry"],"yoast_head":"<!-- This site is optimized with the Yoast SEO plugin v24.8.1 - https:\/\/yoast.com\/wordpress\/plugins\/seo\/ -->\n<title>el equipo<\/title>\n<meta name=\"description\" content=\"En la Farmacia y Ortopedia Ruiz Golvano apostamos por la innovaci\u00f3n y por la formaci\u00f3n continua de todo el equipo.\" \/>\n<meta name=\"robots\" content=\"index, follow, max-snippet:-1, max-image-preview:large, max-video-preview:-1\" \/>\n<link rel=\"canonical\" href=\"https:\/\/farmaciaruizgolvano.com\/?page_id=930\" \/>\n<meta property=\"og:locale\" content=\"es_ES\" \/>\n<meta property=\"og:type\" content=\"article\" \/>\n<meta property=\"og:title\" content=\"el equipo\" \/>\n<meta property=\"og:description\" content=\"En la Farmacia y Ortopedia Ruiz Golvano apostamos por la innovaci\u00f3n y por la formaci\u00f3n continua de todo el equipo.\" \/>\n<meta property=\"og:url\" content=\"https:\/\/farmaciaruizgolvano.com\/?page_id=930\" \/>\n<meta property=\"og:site_name\" content=\"Farmacia Ruiz Golvano\" \/>\n<meta property=\"article:publisher\" content=\"http:\/\/www.facebook.com\/FarmaciaRuizGolvanoPaula\" \/>\n<meta property=\"article:modified_time\" content=\"2017-04-27T10:32:05+00:00\" \/>\n<meta name=\"twitter:label1\" content=\"Tiempo de lectura\" \/>\n\t<meta name=\"twitter:data1\" content=\"1 minuto\" \/>\n<script type=\"application\/ld+json\" class=\"yoast-schema-graph\">{\"@context\":\"https:\/\/schema.org\",\"@graph\":[{\"@type\":\"WebPage\",\"@id\":\"https:\/\/farmaciaruizgolvano.com\/?page_id=930\",\"url\":\"https:\/\/farmaciaruizgolvano.com\/?page_id=930\",\"name\":\"el equipo\",\"isPartOf\":{\"@id\":\"https:\/\/farmaciaruizgolvano.com\/#website\"},\"datePublished\":\"2013-03-03T12:13:30+00:00\",\"dateModified\":\"2017-04-27T10:32:05+00:00\",\"description\":\"En la Farmacia y Ortopedia Ruiz Golvano apostamos por la innovaci\u00f3n y por la formaci\u00f3n continua de todo el equipo.\",\"breadcrumb\":{\"@id\":\"https:\/\/farmaciaruizgolvano.com\/?page_id=930#breadcrumb\"},\"inLanguage\":\"es\",\"potentialAction\":[{\"@type\":\"ReadAction\",\"target\":[\"https:\/\/farmaciaruizgolvano.com\/?page_id=930\"]}]},{\"@type\":\"BreadcrumbList\",\"@id\":\"https:\/\/farmaciaruizgolvano.com\/?page_id=930#breadcrumb\",\"itemListElement\":[{\"@type\":\"ListItem\",\"position\":1,\"name\":\"Portada\",\"item\":\"https:\/\/farmaciaruizgolvano.com\/\"},{\"@type\":\"ListItem\",\"position\":2,\"name\":\"El Equipo\"}]},{\"@type\":\"WebSite\",\"@id\":\"https:\/\/farmaciaruizgolvano.com\/#website\",\"url\":\"https:\/\/farmaciaruizgolvano.com\/\",\"name\":\"Farmacia Ruiz Golvano\",\"description\":\"\",\"publisher\":{\"@id\":\"https:\/\/farmaciaruizgolvano.com\/#organization\"},\"potentialAction\":[{\"@type\":\"SearchAction\",\"target\":{\"@type\":\"EntryPoint\",\"urlTemplate\":\"https:\/\/farmaciaruizgolvano.com\/?s={search_term_string}\"},\"query-input\":{\"@type\":\"PropertyValueSpecification\",\"valueRequired\":true,\"valueName\":\"search_term_string\"}}],\"inLanguage\":\"es\"},{\"@type\":\"Organization\",\"@id\":\"https:\/\/farmaciaruizgolvano.com\/#organization\",\"name\":\"Farmacia Ruiz Golvano\",\"url\":\"https:\/\/farmaciaruizgolvano.com\/\",\"logo\":{\"@type\":\"ImageObject\",\"inLanguage\":\"es\",\"@id\":\"https:\/\/farmaciaruizgolvano.com\/#\/schema\/logo\/image\/\",\"url\":\"https:\/\/farmaciaruizgolvano.com\/wp-content\/uploads\/logo1-e14108719298411.png\",\"contentUrl\":\"https:\/\/farmaciaruizgolvano.com\/wp-content\/uploads\/logo1-e14108719298411.png\",\"width\":200,\"height\":63,\"caption\":\"Farmacia Ruiz Golvano\"},\"image\":{\"@id\":\"https:\/\/farmaciaruizgolvano.com\/#\/schema\/logo\/image\/\"},\"sameAs\":[\"http:\/\/www.facebook.com\/FarmaciaRuizGolvanoPaula\",\"https:\/\/x.com\/farmapaularuiz\",\"http:\/\/www.instagram.com\/ruizgolvanopaula\/\",\"https:\/\/es.linkedin.com\/in\/farmacia-ortopedia-paula-ruiz-golvano-b6a62599\"]}]}<\/script>\n<!-- \/ Yoast SEO plugin. -->","yoast_head_json":{"title":"el equipo","description":"En la Farmacia y Ortopedia Ruiz Golvano apostamos por la innovaci\u00f3n y por la formaci\u00f3n continua de todo el equipo.","robots":{"index":"index","follow":"follow","max-snippet":"max-snippet:-1","max-image-preview":"max-image-preview:large","max-video-preview":"max-video-preview:-1"},"canonical":"https:\/\/farmaciaruizgolvano.com\/?page_id=930","og_locale":"es_ES","og_type":"article","og_title":"el equipo","og_description":"En la Farmacia y Ortopedia Ruiz Golvano apostamos por la innovaci\u00f3n y por la formaci\u00f3n continua de todo el equipo.","og_url":"https:\/\/farmaciaruizgolvano.com\/?page_id=930","og_site_name":"Farmacia Ruiz Golvano","article_publisher":"http:\/\/www.facebook.com\/FarmaciaRuizGolvanoPaula","article_modified_time":"2017-04-27T10:32:05+00:00","twitter_misc":{"Tiempo de lectura":"1 minuto"},"schema":{"@context":"https:\/\/schema.org","@graph":[{"@type":"WebPage","@id":"https:\/\/farmaciaruizgolvano.com\/?page_id=930","url":"https:\/\/farmaciaruizgolvano.com\/?page_id=930","name":"el equipo","isPartOf":{"@id":"https:\/\/farmaciaruizgolvano.com\/#website"},"datePublished":"2013-03-03T12:13:30+00:00","dateModified":"2017-04-27T10:32:05+00:00","description":"En la Farmacia y Ortopedia Ruiz Golvano apostamos por la innovaci\u00f3n y por la formaci\u00f3n continua de todo el equipo.","breadcrumb":{"@id":"https:\/\/farmaciaruizgolvano.com\/?page_id=930#breadcrumb"},"inLanguage":"es","potentialAction":[{"@type":"ReadAction","target":["https:\/\/farmaciaruizgolvano.com\/?page_id=930"]}]},{"@type":"BreadcrumbList","@id":"https:\/\/farmaciaruizgolvano.com\/?page_id=930#breadcrumb","itemListElement":[{"@type":"ListItem","position":1,"name":"Portada","item":"https:\/\/farmaciaruizgolvano.com\/"},{"@type":"ListItem","position":2,"name":"El Equipo"}]},{"@type":"WebSite","@id":"https:\/\/farmaciaruizgolvano.com\/#website","url":"https:\/\/farmaciaruizgolvano.com\/","name":"Farmacia Ruiz Golvano","description":"","publisher":{"@id":"https:\/\/farmaciaruizgolvano.com\/#organization"},"potentialAction":[{"@type":"SearchAction","target":{"@type":"EntryPoint","urlTemplate":"https:\/\/farmaciaruizgolvano.com\/?s={search_term_string}"},"query-input":{"@type":"PropertyValueSpecification","valueRequired":true,"valueName":"search_term_string"}}],"inLanguage":"es"},{"@type":"Organization","@id":"https:\/\/farmaciaruizgolvano.com\/#organization","name":"Farmacia Ruiz Golvano","url":"https:\/\/farmaciaruizgolvano.com\/","logo":{"@type":"ImageObject","inLanguage":"es","@id":"https:\/\/farmaciaruizgolvano.com\/#\/schema\/logo\/image\/","url":"https:\/\/farmaciaruizgolvano.com\/wp-content\/uploads\/logo1-e14108719298411.png","contentUrl":"https:\/\/farmaciaruizgolvano.com\/wp-content\/uploads\/logo1-e14108719298411.png","width":200,"height":63,"caption":"Farmacia Ruiz Golvano"},"image":{"@id":"https:\/\/farmaciaruizgolvano.com\/#\/schema\/logo\/image\/"},"sameAs":["http:\/\/www.facebook.com\/FarmaciaRuizGolvanoPaula","https:\/\/x.com\/farmapaularuiz","http:\/\/www.instagram.com\/ruizgolvanopaula\/","https:\/\/es.linkedin.com\/in\/farmacia-ortopedia-paula-ruiz-golvano-b6a62599"]}]}},"_links":{"self":[{"href":"https:\/\/farmaciaruizgolvano.com\/index.php?rest_route=\/wp\/v2\/pages\/930","targetHints":{"allow":["GET"]}}],"collection":[{"href":"https:\/\/farmaciaruizgolvano.com\/index.php?rest_route=\/wp\/v2\/pages"}],"about":[{"href":"https:\/\/farmaciaruizgolvano.com\/index.php?rest_route=\/wp\/v2\/types\/page"}],"author":[{"embeddable":true,"href":"https:\/\/farmaciaruizgolvano.com\/index.php?rest_route=\/wp\/v2\/users\/8"}],"replies":[{"embeddable":true,"href":"https:\/\/farmaciaruizgolvano.com\/index.php?rest_route=%2Fwp%2Fv2%2Fcomments&post=930"}],"version-history":[{"count":32,"href":"https:\/\/farmaciaruizgolvano.com\/index.php?rest_route=\/wp\/v2\/pages\/930\/revisions"}],"predecessor-version":[{"id":3043,"href":"https:\/\/farmaciaruizgolvano.com\/index.php?rest_route=\/wp\/v2\/pages\/930\/revisions\/3043"}],"wp:attachment":[{"href":"https:\/\/farmaciaruizgolvano.com\/index.php?rest_route=%2Fwp%2Fv2%2Fmedia&parent=930"}],"curies":[{"name":"wp","href":"https:\/\/api.w.org\/{rel}","templated":true}]}}