{"id":879,"date":"2013-03-02T16:40:22","date_gmt":"2013-03-02T16:40:22","guid":{"rendered":"http:\/\/theretailer.getbowtied.com\/blank\/?page_id=879"},"modified":"2024-03-27T12:07:07","modified_gmt":"2024-03-27T11:07:07","slug":"contacto","status":"publish","type":"page","link":"https:\/\/farmaciaruizgolvano.com\/?page_id=879","title":{"rendered":"Contacto"},"content":{"rendered":"<div class=\"wpb-content-wrapper\"><p>[vc_row][vc_column][vc_gmaps link=\u00bb#E-8_JTNDaWZyYW1lJTIwc3JjJTNEJTIyaHR0cHMlM0ElMkYlMkZ3d3cuZ29vZ2xlLmNvbSUyRm1hcHMlMkZlbWJlZCUzRnBiJTNEJTIxMW0xNCUyMTFtOCUyMTFtMyUyMTFkMTE2MjIuNTgyOTQxOTM0MzclMjEyZC0yLjkwMjcxMjIlMjEzZDQzLjI1ODg0NiUyMTNtMiUyMTFpMTAyNCUyMTJpNzY4JTIxNGYxMy4xJTIxM20zJTIxMW0yJTIxMXMweDAlMjUzQTB4ZmU2MzEwY2VmNTZkMWIzNCUyMTJzRmFybWFjaWElMkJSdWl6JTJCR29sdmFubyUyMTVlMCUyMTNtMiUyMTFzZXMlMjEyc2VzJTIxNHYxNDc5NzMwOTUwNTYxJTIyJTIwd2lkdGglM0QlMjI2MDAlMjIlMjBoZWlnaHQlM0QlMjI0NTAlMjIlMjBmcmFtZWJvcmRlciUzRCUyMjAlMjIlMjBzdHlsZSUzRCUyMmJvcmRlciUzQTAlMjIlMjBhbGxvd2Z1bGxzY3JlZW4lM0UlM0MlMkZpZnJhbWUlM0U=\u00bb][\/vc_column][\/vc_row][vc_row type=\u00bbboxed\u00bb background_style=\u00bbnormal\u00bb css=\u00bb.vc_custom_1410519819250{margin-top: 50px !important;margin-bottom: 50px !important;}\u00bb][vc_column width=\u00bb1\/2&#8243;][vc_row_inner][vc_column_inner]\t\t\r\n\t\t<div class=\"shortcode_icon_box icon_position_left icon_style_normal\">\r\n\t\t\t<div class=\"icon_wrapper\" style=\"background-color:#ffffff; border-color:#1f5879\">\r\n\t\t\t\t<div class=\"icon weather-wind-s\" style=\"color:#1f5879\"><\/div>\r\n\t\t\t<\/div><h3 class=\"title\">Direcci\u00f3n<\/h3><p><strong>FARMACIA Y ORTOPEDIA RUIZ GOLVANO<\/strong><br \/>\nAv Pau Casals, 1,<br \/>\n48004 Bilbao, Vizcaya<\/p><\/div>\r\n\t\t\t\r\n\t\t<div class=\"shortcode_icon_box icon_position_left icon_style_normal\">\r\n\t\t\t<div class=\"icon_wrapper\" style=\"background-color:#ffffff; border-color:#1f5879\">\r\n\t\t\t\t<div class=\"icon basic-elaboration-smartphone-heart\" style=\"color:#1f5879\"><\/div>\r\n\t\t\t<\/div><h3 class=\"title\">Tel\u00e9fono<\/h3><p>944 12 40 32<\/p>\n<p>688 710 017<\/p><\/div>\r\n\t\t\t\r\n\t\t<div class=\"shortcode_icon_box icon_position_left icon_style_normal\">\r\n\t\t\t<div class=\"icon_wrapper\" style=\"background-color:#ffffff; border-color:#1f5879\">\r\n\t\t\t\t<div class=\"icon basic-mail\" style=\"color:#1f5879\"><\/div>\r\n\t\t\t<\/div><h3 class=\"title\">Email<\/h3><p>contacto@farmaciaruizgolvano.com<\/p><\/div>\r\n\t\t\t\r\n\t\t<div class=\"shortcode_icon_box icon_position_left icon_style_normal\">\r\n\t\t\t<div class=\"icon_wrapper\" style=\"background-color:#ffffff; border-color:#1f5879\">\r\n\t\t\t\t<div class=\"icon arrows-circle-downleft\" style=\"color:#1f5879\"><\/div>\r\n\t\t\t<\/div><h3 class=\"title\">Horario<\/h3><p><strong>Lunes &#8211; Viernes:<\/strong> 09:00 -22:00<\/p>\n<p><strong>S\u00e1bados:<\/strong> 09:00-13:30<\/p>\n<p><strong>Domingos y festivos:<\/strong> cerrado<\/p><\/div>\r\n\t[\/vc_column_inner][\/vc_row_inner][\/vc_column][vc_column width=\u00bb1\/2&#8243; css=\u00bb.vc_custom_1663248361729{padding-top: 20px !important;padding-right: 20px !important;padding-bottom: 20px !important;background-color: #000000 !important;}\u00bb]\n<div class=\"wpcf7 no-js\" id=\"wpcf7-f2099-o1\" lang=\"es-ES\" dir=\"ltr\" data-wpcf7-id=\"2099\">\n<div class=\"screen-reader-response\"><p role=\"status\" aria-live=\"polite\" aria-atomic=\"true\"><\/p> <ul><\/ul><\/div>\n<form action=\"\/index.php?rest_route=%2Fwp%2Fv2%2Fpages%2F879#wpcf7-f2099-o1\" method=\"post\" class=\"wpcf7-form init e3d62fdbf16f cmatic-conn cmatic-aud-1 cmatic-mapd0-0 cmatic-v0973 cmatic-sent-0 cmatic-total-0\" aria-label=\"Formulario de contacto\" novalidate=\"novalidate\" data-status=\"init\">\n<div style=\"display: none;\">\n<input type=\"hidden\" name=\"_wpcf7\" value=\"2099\" \/>\n<input type=\"hidden\" name=\"_wpcf7_version\" value=\"6.0.5\" \/>\n<input type=\"hidden\" name=\"_wpcf7_locale\" value=\"es_ES\" \/>\n<input type=\"hidden\" name=\"_wpcf7_unit_tag\" value=\"wpcf7-f2099-o1\" \/>\n<input type=\"hidden\" name=\"_wpcf7_container_post\" value=\"0\" \/>\n<input type=\"hidden\" name=\"_wpcf7_posted_data_hash\" value=\"\" \/>\n<\/div>\n<div class=\"form-contacto\">\n\t<p><label class=\"duro\">Su nombre (requerido)<br \/>\n<span id=\"wpcf7-69f9a7539168d-wrapper\" class=\"wpcf7-form-control-wrap Nombre-wrap\" style=\"display:none !important; visibility:hidden !important;\"><label for=\"wpcf7-69f9a7539168d-field\" class=\"hp-message\">Por favor, deja este campo vac\u00edo.<\/label><input id=\"wpcf7-69f9a7539168d-field\"  class=\"wpcf7-form-control wpcf7-text\" type=\"text\" name=\"Nombre\" value=\"\" size=\"40\" tabindex=\"-1\" autocomplete=\"new-password\" \/><\/span><br \/>\n<span class=\"wpcf7-form-control-wrap\" data-name=\"your-name\"><input size=\"40\" maxlength=\"400\" class=\"wpcf7-form-control wpcf7-text wpcf7-validates-as-required\" aria-required=\"true\" aria-invalid=\"false\" value=\"\" type=\"text\" name=\"your-name\" \/><\/span> <\/label>\n\t<\/p>\n\t<p><label class=\"duro\">Su e-mail (requerido)<br \/>\n<span class=\"wpcf7-form-control-wrap\" data-name=\"your-email\"><input size=\"40\" maxlength=\"400\" class=\"wpcf7-form-control wpcf7-email wpcf7-validates-as-required wpcf7-text wpcf7-validates-as-email\" aria-required=\"true\" aria-invalid=\"false\" value=\"\" type=\"email\" name=\"your-email\" \/><\/span> <\/label>\n\t<\/p>\n\t<p><label class=\"duro\"> Su mensaje<br \/>\n<span class=\"wpcf7-form-control-wrap\" data-name=\"your-message\"><textarea cols=\"40\" rows=\"10\" maxlength=\"2000\" class=\"wpcf7-form-control wpcf7-textarea\" aria-invalid=\"false\" name=\"your-message\"><\/textarea><\/span> <\/label>\n\t<\/p>\n\t<p class=\"duro\"><br \/>\n<span class=\"wpcf7-form-control-wrap\" data-name=\"acceptance-229\"><span class=\"wpcf7-form-control wpcf7-acceptance\"><span class=\"wpcf7-list-item\"><label><input type=\"checkbox\" name=\"acceptance-229\" value=\"1\" aria-invalid=\"false\" \/><span class=\"wpcf7-list-item-label\">He le\u00eddo y acepto la <a rel=\"nofollow\" href=\"https:\/\/farmaciaruizgolvano.com\/informacion-legal\/politica-de-privacidad\/\">Pol\u00edtica de Privacidad<\/a>.<\/span><\/label><\/span><\/span><\/span>\n\t<\/p>\n\t<p><input class=\"wpcf7-form-control wpcf7-submit has-spinner\" type=\"submit\" value=\"Enviar\" \/>\n\t<\/p>\n<\/div><p style=\"display: none !important;\" class=\"akismet-fields-container\" data-prefix=\"_wpcf7_ak_\"><label>&#916;<textarea name=\"_wpcf7_ak_hp_textarea\" cols=\"45\" rows=\"8\" maxlength=\"100\"><\/textarea><\/label><input type=\"hidden\" id=\"ak_js_1\" name=\"_wpcf7_ak_js\" value=\"146\"\/><script>document.getElementById( \"ak_js_1\" ).setAttribute( \"value\", ( new Date() ).getTime() );<\/script><\/p><div class=\"wpcf7-response-output\" aria-hidden=\"true\"><\/div>\n<\/form>\n<\/div>\n[\/vc_column][\/vc_row][vc_row 0=\u00bb\u00bb][vc_column 0=\u00bb\u00bb][vc_column_text 0=\u00bb\u00bb]En virtud del Reglamento (UE) 2016\/679 protecci\u00f3n de las personas f\u00edsicas en lo que respecta al tratamiento de datos personales y a la libre circulaci\u00f3n de estos datos, le informamos de que los datos personales que se solicitan ser\u00e1n utilizados para la identificaci\u00f3n en nuestros sistemas, gesti\u00f3n de su encargo para su recogida en la oficina de farmacia y atenci\u00f3n de solicitudes realizadas a trav\u00e9s del formulario de contacto y no ser\u00e1n utilizados para usos que no est\u00e9n especificados en la informaci\u00f3n que se ofrece en este formulario. No se prev\u00e9 la cesi\u00f3n de los datos que se solicitan a terceros. El usuario puede ejercer los derechos que le asisten en relaci\u00f3n a la protecci\u00f3n de datos (acceso, rectificaci\u00f3n, supresi\u00f3n, limitaci\u00f3n del tratamiento, oposici\u00f3n y portabilidad de los datos), dirigiendo un escrito ante la\/el titular de la oficina de farmacia responsable. En el caso de que sus derechos no fueran atendidos puede dirigirse a la Agencia Espa\u00f1ola de Protecci\u00f3n de Datos en su p\u00e1gina web.[\/vc_column_text][\/vc_column][\/vc_row]<\/p>\n<\/div>","protected":false},"excerpt":{"rendered":"<p>[vc_row][vc_column][vc_gmaps link=\u00bb#E-8_JTNDaWZyYW1lJTIwc3JjJTNEJTIyaHR0cHMlM0ElMkYlMkZ3d3cuZ29vZ2xlLmNvbSUyRm1hcHMlMkZlbWJlZCUzRnBiJTNEJTIxMW0xNCUyMTFtOCUyMTFtMyUyMTFkMTE2MjIuNTgyOTQxOTM0MzclMjEyZC0yLjkwMjcxMjIlMjEzZDQzLjI1ODg0NiUyMTNtMiUyMTFpMTAyNCUyMTJpNzY4JTIxNGYxMy4xJTIxM20zJTIxMW0yJTIxMXMweDAlMjUzQTB4ZmU2MzEwY2VmNTZkMWIzNCUyMTJzRmFybWFjaWElMkJSdWl6JTJCR29sdmFubyUyMTVlMCUyMTNtMiUyMTFzZXMlMjEyc2VzJTIxNHYxNDc5NzMwOTUwNTYxJTIyJTIwd2lkdGglM0QlMjI2MDAlMjIlMjBoZWlnaHQlM0QlMjI0NTAlMjIlMjBmcmFtZWJvcmRlciUzRCUyMjAlMjIlMjBzdHlsZSUzRCUyMmJvcmRlciUzQTAlMjIlMjBhbGxvd2Z1bGxzY3JlZW4lM0UlM0MlMkZpZnJhbWUlM0U=\u00bb][\/vc_column][\/vc_row][vc_row type=\u00bbboxed\u00bb background_style=\u00bbnormal\u00bb css=\u00bb.vc_custom_1410519819250{margin-top: 50px !important;margin-bottom: 50px !important;}\u00bb][vc_column width=\u00bb1\/2&#8243;][vc_row_inner][vc_column_inner][\/vc_column_inner][\/vc_row_inner][\/vc_column][vc_column width=\u00bb1\/2&#8243; css=\u00bb.vc_custom_1663248361729{padding-top: 20px !important;padding-right: 20px !important;padding-bottom: 20px !important;background-color: #000000 !important;}\u00bb][\/vc_column][\/vc_row][vc_row 0=\u00bb\u00bb][vc_column 0=\u00bb\u00bb][vc_column_text 0=\u00bb\u00bb]En virtud del Reglamento (UE) 2016\/679 protecci\u00f3n de las personas f\u00edsicas en lo que respecta al tratamiento de datos personales y a la libre circulaci\u00f3n de estos datos, le informamos de que los [&hellip;]<\/p>\n","protected":false},"author":8,"featured_media":0,"parent":0,"menu_order":0,"comment_status":"closed","ping_status":"closed","template":"","meta":{"footnotes":""},"class_list":["post-879","page","type-page","status-publish","hentry"],"yoast_head":"<!-- This site is optimized with the Yoast SEO plugin v24.8.1 - https:\/\/yoast.com\/wordpress\/plugins\/seo\/ -->\n<title>Contacto - Farmacia Ruiz Golvano<\/title>\n<meta name=\"robots\" content=\"index, follow, max-snippet:-1, max-image-preview:large, max-video-preview:-1\" \/>\n<link rel=\"canonical\" href=\"https:\/\/farmaciaruizgolvano.com\/?page_id=879\" \/>\n<meta property=\"og:locale\" content=\"es_ES\" \/>\n<meta property=\"og:type\" content=\"article\" \/>\n<meta property=\"og:title\" content=\"Contacto - Farmacia Ruiz Golvano\" \/>\n<meta property=\"og:description\" content=\"[vc_row][vc_column][vc_gmaps link=\u00bb#E-8_JTNDaWZyYW1lJTIwc3JjJTNEJTIyaHR0cHMlM0ElMkYlMkZ3d3cuZ29vZ2xlLmNvbSUyRm1hcHMlMkZlbWJlZCUzRnBiJTNEJTIxMW0xNCUyMTFtOCUyMTFtMyUyMTFkMTE2MjIuNTgyOTQxOTM0MzclMjEyZC0yLjkwMjcxMjIlMjEzZDQzLjI1ODg0NiUyMTNtMiUyMTFpMTAyNCUyMTJpNzY4JTIxNGYxMy4xJTIxM20zJTIxMW0yJTIxMXMweDAlMjUzQTB4ZmU2MzEwY2VmNTZkMWIzNCUyMTJzRmFybWFjaWElMkJSdWl6JTJCR29sdmFubyUyMTVlMCUyMTNtMiUyMTFzZXMlMjEyc2VzJTIxNHYxNDc5NzMwOTUwNTYxJTIyJTIwd2lkdGglM0QlMjI2MDAlMjIlMjBoZWlnaHQlM0QlMjI0NTAlMjIlMjBmcmFtZWJvcmRlciUzRCUyMjAlMjIlMjBzdHlsZSUzRCUyMmJvcmRlciUzQTAlMjIlMjBhbGxvd2Z1bGxzY3JlZW4lM0UlM0MlMkZpZnJhbWUlM0U=\u00bb][\/vc_column][\/vc_row][vc_row type=\u00bbboxed\u00bb background_style=\u00bbnormal\u00bb css=\u00bb.vc_custom_1410519819250{margin-top: 50px !important;margin-bottom: 50px !important;}\u00bb][vc_column width=\u00bb1\/2&#8243;][vc_row_inner][vc_column_inner][\/vc_column_inner][\/vc_row_inner][\/vc_column][vc_column width=\u00bb1\/2&#8243; css=\u00bb.vc_custom_1663248361729{padding-top: 20px !important;padding-right: 20px !important;padding-bottom: 20px !important;background-color: #000000 !important;}\u00bb][\/vc_column][\/vc_row][vc_row 0=\u00bb\u00bb][vc_column 0=\u00bb\u00bb][vc_column_text 0=\u00bb\u00bb]En virtud del Reglamento (UE) 2016\/679 protecci\u00f3n de las personas f\u00edsicas en lo que respecta al tratamiento de datos personales y a la libre circulaci\u00f3n de estos datos, le informamos de que los [&hellip;]\" \/>\n<meta property=\"og:url\" content=\"https:\/\/farmaciaruizgolvano.com\/?page_id=879\" \/>\n<meta property=\"og:site_name\" content=\"Farmacia Ruiz Golvano\" \/>\n<meta property=\"article:publisher\" content=\"http:\/\/www.facebook.com\/FarmaciaRuizGolvanoPaula\" \/>\n<meta property=\"article:modified_time\" content=\"2024-03-27T11:07:07+00:00\" \/>\n<meta name=\"twitter:label1\" content=\"Tiempo de lectura\" \/>\n\t<meta name=\"twitter:data1\" content=\"2 minutos\" \/>\n<script type=\"application\/ld+json\" class=\"yoast-schema-graph\">{\"@context\":\"https:\/\/schema.org\",\"@graph\":[{\"@type\":\"WebPage\",\"@id\":\"https:\/\/farmaciaruizgolvano.com\/?page_id=879\",\"url\":\"https:\/\/farmaciaruizgolvano.com\/?page_id=879\",\"name\":\"Contacto - Farmacia Ruiz Golvano\",\"isPartOf\":{\"@id\":\"https:\/\/farmaciaruizgolvano.com\/#website\"},\"datePublished\":\"2013-03-02T16:40:22+00:00\",\"dateModified\":\"2024-03-27T11:07:07+00:00\",\"breadcrumb\":{\"@id\":\"https:\/\/farmaciaruizgolvano.com\/?page_id=879#breadcrumb\"},\"inLanguage\":\"es\",\"potentialAction\":[{\"@type\":\"ReadAction\",\"target\":[\"https:\/\/farmaciaruizgolvano.com\/?page_id=879\"]}]},{\"@type\":\"BreadcrumbList\",\"@id\":\"https:\/\/farmaciaruizgolvano.com\/?page_id=879#breadcrumb\",\"itemListElement\":[{\"@type\":\"ListItem\",\"position\":1,\"name\":\"Portada\",\"item\":\"https:\/\/farmaciaruizgolvano.com\/\"},{\"@type\":\"ListItem\",\"position\":2,\"name\":\"Contacto\"}]},{\"@type\":\"WebSite\",\"@id\":\"https:\/\/farmaciaruizgolvano.com\/#website\",\"url\":\"https:\/\/farmaciaruizgolvano.com\/\",\"name\":\"Farmacia Ruiz Golvano\",\"description\":\"\",\"publisher\":{\"@id\":\"https:\/\/farmaciaruizgolvano.com\/#organization\"},\"potentialAction\":[{\"@type\":\"SearchAction\",\"target\":{\"@type\":\"EntryPoint\",\"urlTemplate\":\"https:\/\/farmaciaruizgolvano.com\/?s={search_term_string}\"},\"query-input\":{\"@type\":\"PropertyValueSpecification\",\"valueRequired\":true,\"valueName\":\"search_term_string\"}}],\"inLanguage\":\"es\"},{\"@type\":\"Organization\",\"@id\":\"https:\/\/farmaciaruizgolvano.com\/#organization\",\"name\":\"Farmacia Ruiz Golvano\",\"url\":\"https:\/\/farmaciaruizgolvano.com\/\",\"logo\":{\"@type\":\"ImageObject\",\"inLanguage\":\"es\",\"@id\":\"https:\/\/farmaciaruizgolvano.com\/#\/schema\/logo\/image\/\",\"url\":\"https:\/\/farmaciaruizgolvano.com\/wp-content\/uploads\/logo1-e14108719298411.png\",\"contentUrl\":\"https:\/\/farmaciaruizgolvano.com\/wp-content\/uploads\/logo1-e14108719298411.png\",\"width\":200,\"height\":63,\"caption\":\"Farmacia Ruiz Golvano\"},\"image\":{\"@id\":\"https:\/\/farmaciaruizgolvano.com\/#\/schema\/logo\/image\/\"},\"sameAs\":[\"http:\/\/www.facebook.com\/FarmaciaRuizGolvanoPaula\",\"https:\/\/x.com\/farmapaularuiz\",\"http:\/\/www.instagram.com\/ruizgolvanopaula\/\",\"https:\/\/es.linkedin.com\/in\/farmacia-ortopedia-paula-ruiz-golvano-b6a62599\"]}]}<\/script>\n<!-- \/ Yoast SEO plugin. -->","yoast_head_json":{"title":"Contacto - Farmacia Ruiz Golvano","robots":{"index":"index","follow":"follow","max-snippet":"max-snippet:-1","max-image-preview":"max-image-preview:large","max-video-preview":"max-video-preview:-1"},"canonical":"https:\/\/farmaciaruizgolvano.com\/?page_id=879","og_locale":"es_ES","og_type":"article","og_title":"Contacto - Farmacia Ruiz Golvano","og_description":"[vc_row][vc_column][vc_gmaps link=\u00bb#E-8_JTNDaWZyYW1lJTIwc3JjJTNEJTIyaHR0cHMlM0ElMkYlMkZ3d3cuZ29vZ2xlLmNvbSUyRm1hcHMlMkZlbWJlZCUzRnBiJTNEJTIxMW0xNCUyMTFtOCUyMTFtMyUyMTFkMTE2MjIuNTgyOTQxOTM0MzclMjEyZC0yLjkwMjcxMjIlMjEzZDQzLjI1ODg0NiUyMTNtMiUyMTFpMTAyNCUyMTJpNzY4JTIxNGYxMy4xJTIxM20zJTIxMW0yJTIxMXMweDAlMjUzQTB4ZmU2MzEwY2VmNTZkMWIzNCUyMTJzRmFybWFjaWElMkJSdWl6JTJCR29sdmFubyUyMTVlMCUyMTNtMiUyMTFzZXMlMjEyc2VzJTIxNHYxNDc5NzMwOTUwNTYxJTIyJTIwd2lkdGglM0QlMjI2MDAlMjIlMjBoZWlnaHQlM0QlMjI0NTAlMjIlMjBmcmFtZWJvcmRlciUzRCUyMjAlMjIlMjBzdHlsZSUzRCUyMmJvcmRlciUzQTAlMjIlMjBhbGxvd2Z1bGxzY3JlZW4lM0UlM0MlMkZpZnJhbWUlM0U=\u00bb][\/vc_column][\/vc_row][vc_row type=\u00bbboxed\u00bb background_style=\u00bbnormal\u00bb css=\u00bb.vc_custom_1410519819250{margin-top: 50px !important;margin-bottom: 50px !important;}\u00bb][vc_column width=\u00bb1\/2&#8243;][vc_row_inner][vc_column_inner][\/vc_column_inner][\/vc_row_inner][\/vc_column][vc_column width=\u00bb1\/2&#8243; css=\u00bb.vc_custom_1663248361729{padding-top: 20px !important;padding-right: 20px !important;padding-bottom: 20px !important;background-color: #000000 !important;}\u00bb][\/vc_column][\/vc_row][vc_row 0=\u00bb\u00bb][vc_column 0=\u00bb\u00bb][vc_column_text 0=\u00bb\u00bb]En virtud del Reglamento (UE) 2016\/679 protecci\u00f3n de las personas f\u00edsicas en lo que respecta al tratamiento de datos personales y a la libre circulaci\u00f3n de estos datos, le informamos de que los [&hellip;]","og_url":"https:\/\/farmaciaruizgolvano.com\/?page_id=879","og_site_name":"Farmacia Ruiz Golvano","article_publisher":"http:\/\/www.facebook.com\/FarmaciaRuizGolvanoPaula","article_modified_time":"2024-03-27T11:07:07+00:00","twitter_misc":{"Tiempo de lectura":"2 minutos"},"schema":{"@context":"https:\/\/schema.org","@graph":[{"@type":"WebPage","@id":"https:\/\/farmaciaruizgolvano.com\/?page_id=879","url":"https:\/\/farmaciaruizgolvano.com\/?page_id=879","name":"Contacto - Farmacia Ruiz Golvano","isPartOf":{"@id":"https:\/\/farmaciaruizgolvano.com\/#website"},"datePublished":"2013-03-02T16:40:22+00:00","dateModified":"2024-03-27T11:07:07+00:00","breadcrumb":{"@id":"https:\/\/farmaciaruizgolvano.com\/?page_id=879#breadcrumb"},"inLanguage":"es","potentialAction":[{"@type":"ReadAction","target":["https:\/\/farmaciaruizgolvano.com\/?page_id=879"]}]},{"@type":"BreadcrumbList","@id":"https:\/\/farmaciaruizgolvano.com\/?page_id=879#breadcrumb","itemListElement":[{"@type":"ListItem","position":1,"name":"Portada","item":"https:\/\/farmaciaruizgolvano.com\/"},{"@type":"ListItem","position":2,"name":"Contacto"}]},{"@type":"WebSite","@id":"https:\/\/farmaciaruizgolvano.com\/#website","url":"https:\/\/farmaciaruizgolvano.com\/","name":"Farmacia Ruiz Golvano","description":"","publisher":{"@id":"https:\/\/farmaciaruizgolvano.com\/#organization"},"potentialAction":[{"@type":"SearchAction","target":{"@type":"EntryPoint","urlTemplate":"https:\/\/farmaciaruizgolvano.com\/?s={search_term_string}"},"query-input":{"@type":"PropertyValueSpecification","valueRequired":true,"valueName":"search_term_string"}}],"inLanguage":"es"},{"@type":"Organization","@id":"https:\/\/farmaciaruizgolvano.com\/#organization","name":"Farmacia Ruiz Golvano","url":"https:\/\/farmaciaruizgolvano.com\/","logo":{"@type":"ImageObject","inLanguage":"es","@id":"https:\/\/farmaciaruizgolvano.com\/#\/schema\/logo\/image\/","url":"https:\/\/farmaciaruizgolvano.com\/wp-content\/uploads\/logo1-e14108719298411.png","contentUrl":"https:\/\/farmaciaruizgolvano.com\/wp-content\/uploads\/logo1-e14108719298411.png","width":200,"height":63,"caption":"Farmacia Ruiz Golvano"},"image":{"@id":"https:\/\/farmaciaruizgolvano.com\/#\/schema\/logo\/image\/"},"sameAs":["http:\/\/www.facebook.com\/FarmaciaRuizGolvanoPaula","https:\/\/x.com\/farmapaularuiz","http:\/\/www.instagram.com\/ruizgolvanopaula\/","https:\/\/es.linkedin.com\/in\/farmacia-ortopedia-paula-ruiz-golvano-b6a62599"]}]}},"_links":{"self":[{"href":"https:\/\/farmaciaruizgolvano.com\/index.php?rest_route=\/wp\/v2\/pages\/879","targetHints":{"allow":["GET"]}}],"collection":[{"href":"https:\/\/farmaciaruizgolvano.com\/index.php?rest_route=\/wp\/v2\/pages"}],"about":[{"href":"https:\/\/farmaciaruizgolvano.com\/index.php?rest_route=\/wp\/v2\/types\/page"}],"author":[{"embeddable":true,"href":"https:\/\/farmaciaruizgolvano.com\/index.php?rest_route=\/wp\/v2\/users\/8"}],"replies":[{"embeddable":true,"href":"https:\/\/farmaciaruizgolvano.com\/index.php?rest_route=%2Fwp%2Fv2%2Fcomments&post=879"}],"version-history":[{"count":29,"href":"https:\/\/farmaciaruizgolvano.com\/index.php?rest_route=\/wp\/v2\/pages\/879\/revisions"}],"predecessor-version":[{"id":3489,"href":"https:\/\/farmaciaruizgolvano.com\/index.php?rest_route=\/wp\/v2\/pages\/879\/revisions\/3489"}],"wp:attachment":[{"href":"https:\/\/farmaciaruizgolvano.com\/index.php?rest_route=%2Fwp%2Fv2%2Fmedia&parent=879"}],"curies":[{"name":"wp","href":"https:\/\/api.w.org\/{rel}","templated":true}]}}