{"id":865,"date":"2013-03-02T16:21:15","date_gmt":"2013-03-02T16:21:15","guid":{"rendered":"http:\/\/theretailer.getbowtied.com\/blank\/?page_id=865"},"modified":"2021-11-04T17:28:33","modified_gmt":"2021-11-04T17:28:33","slug":"homepage","status":"publish","type":"page","link":"https:\/\/farmaciaruizgolvano.com\/","title":{"rendered":"Homepage"},"content":{"rendered":"<div class=\"wpb-content-wrapper\"><p>[vc_row full_width=\u00bbstretch_row_content_no_spaces\u00bb][vc_column 0=\u00bb\u00bb][rev_slider_vc alias=\u00bbhome\u00bb][\/vc_column][\/vc_row][vc_row type=\u00bbboxed\u00bb background_style=\u00bbnormal\u00bb css=\u00bb.vc_custom_1410453624756{margin-top: 50px !important;margin-bottom: 50px !important;}\u00bb][vc_column 0=\u00bb\u00bb]\r\n\t\t<div class=\"shortcode_banner_simple_height \" onclick=\"location.href='pedido-express\/';\">\r\n\t\t\t<div class=\"shortcode_banner_simple_height_inner\">\r\n\t\t\t\t<div class=\"shortcode_banner_simple_height_bkg\" style=\"background-color:#075879; \"><\/div>\r\n\t\t\t\r\n\t\t\t\t<div class=\"shortcode_banner_simple_height_inside\" style=\"height:150px; border: 2px solid #fff\">\r\n\t\t\t\t\t<div class=\"shortcode_banner_simple_height_content\">\r\n\t\t\t\t\t\t<div><h3 style=\"color:#fff !important\">PEDIDO EXPRESS<\/h3><\/div>\r\n\t\t\t\t\t\t<div class=\"shortcode_banner_simple_height_sep\" style=\"margin:5px auto; background-color:#fff;\"><\/div>\r\n\t\t\t\t\t\t<div><h4 style=\"color:#fff !important\">Haz tu pedido y rec\u00f3gelo en la Farmacia Ruiz Golvano cuando t\u00fa decidas. Ojo! No hacemos ning\u00fan cobro mediante ning\u00fan tipo de medio electr\u00f3nico<\/h4><\/div>\r\n\t\t\t\t\t<\/div>\r\n\t\t\t\t<\/div>\r\n\t\t\t<\/div><div class=\"shortcode_banner_simple_height_bullet\" style=\"background:#ffffff; color:#075879\"><span>Haz tu pedido<\/span><\/div><\/div>[\/vc_column][\/vc_row][vc_row type=\u00bbboxed\u00bb css=\u00bb.vc_custom_1410453352713{margin-top: 40px !important;margin-bottom: 40px !important;}\u00bb background_style=\u00bbnormal\u00bb][vc_column 0=\u00bb\u00bb]\r\n    <div class=\"from-the-blog-wrapper swiper-container swiper-69f5b00905942\" data-id=\"69f5b00905942\">\r\n\r\n        <div class=\"gbtr_items_sliders_header\">\r\n            <div class=\"gbtr_items_sliders_title\">\r\n                <div class=\"gbtr_featured_section_title\"><strong>\u00daltimas Noticias<\/strong><\/div>\r\n            <\/div>\r\n            <div class=\"gbtr_items_sliders_nav\">\r\n                <div class='big_arrow_right slider-button-prev'><\/div>\r\n                <div class='big_arrow_left slider-button-next'><\/div>\r\n                <div class='clr'><\/div>\r\n            <\/div>\r\n        <\/div>\r\n\r\n        <div class=\"gbtr_bold_sep\"><\/div>\r\n\r\n        <div class=\"swiper-wrapper\">\r\n\r\n            \r\n                \r\n                    \r\n                    <div class=\"swiper-slide from_the_blog_item \">\r\n\r\n                        <a class=\"from_the_blog_img img_zoom_in\" href=\"https:\/\/farmaciaruizgolvano.com\/?p=3295\">\r\n                                                            <img loading=\"lazy\" decoding=\"async\" width=\"480\" height=\"480\" src=\"https:\/\/farmaciaruizgolvano.com\/wp-content\/uploads\/41_Educaci\u00f3nNutricional-480x480.jpg\" class=\"attachment-recent_posts_shortcode size-recent_posts_shortcode wp-post-image\" alt=\"\" srcset=\"https:\/\/farmaciaruizgolvano.com\/wp-content\/uploads\/41_Educaci\u00f3nNutricional-480x480.jpg 480w, https:\/\/farmaciaruizgolvano.com\/wp-content\/uploads\/41_Educaci\u00f3nNutricional-150x150.jpg 150w, https:\/\/farmaciaruizgolvano.com\/wp-content\/uploads\/41_Educaci\u00f3nNutricional-140x140.jpg 140w\" sizes=\"auto, (max-width: 480px) 100vw, 480px\" \/>                                                        <span class=\"from_the_blog_date\">\r\n                                <span class=\"from_the_blog_date_day\">12<\/span>\r\n                                <span class=\"from_the_blog_date_month\">May<\/span>\r\n                            <\/span>\r\n                        <\/a>\r\n\r\n                        <div class=\"from_the_blog_content\">\r\n\r\n                                                            <a class=\"from_the_blog_title\" href=\"https:\/\/farmaciaruizgolvano.com\/?p=3295\"><h3>Campa\u00f1a control de peso<\/h3><\/a>\r\n                            \r\n                            <div class=\"from_the_blog_excerpt\">\r\n                                Durante todo el mes de mayo estamos celebrando la campa\u00f1a de control...                            <\/div>\r\n\r\n                                                            <div class=\"from_the_blog_comments\">\r\n                                    <a href=\"https:\/\/farmaciaruizgolvano.com\/?p=3295#respond\">Leave a comment<\/a>                                <\/div>\r\n                            \r\n                        <\/div>\r\n\r\n                    <\/div>\r\n\r\n                \r\n                    \r\n                    <div class=\"swiper-slide from_the_blog_item \">\r\n\r\n                        <a class=\"from_the_blog_img img_zoom_in\" href=\"https:\/\/farmaciaruizgolvano.com\/?p=3288\">\r\n                                                            <img loading=\"lazy\" decoding=\"async\" width=\"480\" height=\"480\" src=\"https:\/\/farmaciaruizgolvano.com\/wp-content\/uploads\/IMG_1070-1-e1524325764789-480x480.jpg\" class=\"attachment-recent_posts_shortcode size-recent_posts_shortcode wp-post-image\" alt=\"\" srcset=\"https:\/\/farmaciaruizgolvano.com\/wp-content\/uploads\/IMG_1070-1-e1524325764789-480x480.jpg 480w, https:\/\/farmaciaruizgolvano.com\/wp-content\/uploads\/IMG_1070-1-e1524325764789-150x150.jpg 150w, https:\/\/farmaciaruizgolvano.com\/wp-content\/uploads\/IMG_1070-1-e1524325764789-140x140.jpg 140w, https:\/\/farmaciaruizgolvano.com\/wp-content\/uploads\/IMG_1070-1-e1524325764789-300x300.jpg 300w, https:\/\/farmaciaruizgolvano.com\/wp-content\/uploads\/IMG_1070-1-e1524325764789-100x100.jpg 100w\" sizes=\"auto, (max-width: 480px) 100vw, 480px\" \/>                                                        <span class=\"from_the_blog_date\">\r\n                                <span class=\"from_the_blog_date_day\">21<\/span>\r\n                                <span class=\"from_the_blog_date_month\">Abr<\/span>\r\n                            <\/span>\r\n                        <\/a>\r\n\r\n                        <div class=\"from_the_blog_content\">\r\n\r\n                                                            <a class=\"from_the_blog_title\" href=\"https:\/\/farmaciaruizgolvano.com\/?p=3288\"><h3>El irrigador bucodental, \u00bfsabes lo...<\/h3><\/a>\r\n                            \r\n                            <div class=\"from_the_blog_excerpt\">\r\n                                Aqu\u00ed va nuestro \u00faltimo post de este mes. Vamos a hablar de...                            <\/div>\r\n\r\n                                                            <div class=\"from_the_blog_comments\">\r\n                                    <a href=\"https:\/\/farmaciaruizgolvano.com\/?p=3288#respond\">Leave a comment<\/a>                                <\/div>\r\n                            \r\n                        <\/div>\r\n\r\n                    <\/div>\r\n\r\n                \r\n                    \r\n                    <div class=\"swiper-slide from_the_blog_item \">\r\n\r\n                        <a class=\"from_the_blog_img img_zoom_in\" href=\"https:\/\/farmaciaruizgolvano.com\/?p=3285\">\r\n                                                            <img loading=\"lazy\" decoding=\"async\" width=\"480\" height=\"480\" src=\"https:\/\/farmaciaruizgolvano.com\/wp-content\/uploads\/09_Dental-480x480.jpg\" class=\"attachment-recent_posts_shortcode size-recent_posts_shortcode wp-post-image\" alt=\"\" srcset=\"https:\/\/farmaciaruizgolvano.com\/wp-content\/uploads\/09_Dental-480x480.jpg 480w, https:\/\/farmaciaruizgolvano.com\/wp-content\/uploads\/09_Dental-150x150.jpg 150w, https:\/\/farmaciaruizgolvano.com\/wp-content\/uploads\/09_Dental-140x140.jpg 140w\" sizes=\"auto, (max-width: 480px) 100vw, 480px\" \/>                                                        <span class=\"from_the_blog_date\">\r\n                                <span class=\"from_the_blog_date_day\">16<\/span>\r\n                                <span class=\"from_the_blog_date_month\">Abr<\/span>\r\n                            <\/span>\r\n                        <\/a>\r\n\r\n                        <div class=\"from_the_blog_content\">\r\n\r\n                                                            <a class=\"from_the_blog_title\" href=\"https:\/\/farmaciaruizgolvano.com\/?p=3285\"><h3>Las caries, el enemigo del...<\/h3><\/a>\r\n                            \r\n                            <div class=\"from_the_blog_excerpt\">\r\n                                \u00bfQu\u00e9 es? La caries dental se trata de una enfermedad multifactorial, es...                            <\/div>\r\n\r\n                                                            <div class=\"from_the_blog_comments\">\r\n                                    <a href=\"https:\/\/farmaciaruizgolvano.com\/?p=3285#respond\">Leave a comment<\/a>                                <\/div>\r\n                            \r\n                        <\/div>\r\n\r\n                    <\/div>\r\n\r\n                \r\n            \r\n        <\/div>\r\n\r\n    <\/div>\r\n\r\n    [\/vc_column][\/vc_row][vc_row type=\u00bbboxed\u00bb css=\u00bb.vc_custom_1410454670467{margin-top: 40px !important;margin-bottom: 40px !important;}\u00bb background_style=\u00bbnormal\u00bb][vc_column 0=\u00bb\u00bb][vc_separator 0=\u00bb\u00bb][\/vc_column][\/vc_row][vc_row type=\u00bbboxed\u00bb background_style=\u00bbnormal\u00bb][vc_column 0=\u00bb\u00bb]    \r\n    <div class=\"title_subtitle\" style=\"text-align:left\">\r\n        <h3 style=\"color:#676767 !important; font-size:16px\">TEL\u00c9FONOS Y SERVICIOS DE INTER\u00c9S<\/h3>\r\n        <hr class=\"title_subtitle_separator\" style=\"border-bottom-color:#676767\"><\/hr>            <\/div>\r\n\r\n\t[\/vc_column][\/vc_row][vc_row type=\u00bbboxed\u00bb background_style=\u00bbnormal\u00bb][vc_column width=\u00bb1\/4&#8243;][vc_single_image image=\u00bb2299&#8243; alignment=\u00bbcenter\u00bb][vc_column_text 0=\u00bb\u00bb]<\/p>\n<p style=\"text-align: center;\"><strong>Parque Bomberos<\/strong><br \/>\n<span class=\"telefonos\">944 233 000<br \/>\n944 204 950<\/span><\/p>\n<p>[\/vc_column_text][\/vc_column][vc_column width=\u00bb1\/4&#8243;][vc_single_image image=\u00bb2301&#8243; alignment=\u00bbcenter\u00bb][vc_column_text 0=\u00bb\u00bb]<\/p>\n<p style=\"text-align: center;\"><strong>SOS Deiak<\/strong><br \/>\n<span class=\"telefonos\">112<\/span><\/p>\n<p>[\/vc_column_text][\/vc_column][vc_column width=\u00bb1\/4&#8243;][vc_single_image image=\u00bb2303&#8243; alignment=\u00bbcenter\u00bb][vc_column_text 0=\u00bb\u00bb]<\/p>\n<p style=\"text-align: center;\"><strong>Polic\u00eda Municipal<\/strong><br \/>\n<span class=\"telefonos\">092 \/ +34 94 420 50 00<\/span><\/p>\n<p style=\"text-align: center;\"><strong>Polic\u00eda Nacional<\/strong><br \/>\n<span class=\"telefonos\">+34 94 470 92 00<\/span><\/p>\n<p style=\"text-align: center;\"><strong>Ertzaintza<\/strong><br \/>\n<span class=\"telefonos\">+34 94 406 35 88<\/span><\/p>\n<p style=\"text-align: center;\"><strong>Guardia Civil<\/strong><br \/>\n<span class=\"telefonos\">062 \/ +34 94 425 34 00<\/span><\/p>\n<p>[\/vc_column_text][\/vc_column][vc_column width=\u00bb1\/4&#8243;][vc_single_image image=\u00bb2312&#8243; alignment=\u00bbcenter\u00bb][vc_column_text 0=\u00bb\u00bb]<\/p>\n<p style=\"text-align: center;\"><strong>Hospital de Basurto<\/strong><br \/>\n<span class=\"telefonos\">(Bilbao) +34 94 400 60 00<\/span><\/p>\n<p style=\"text-align: center;\"><strong>Hospital de Cruces<\/strong><br \/>\n<span class=\"telefonos\">(Barakaldo) +34 94 600 60 00<\/span><\/p>\n<p style=\"text-align: center;\"><strong>Hospital Galdakao<\/strong><br \/>\n<span class=\"telefonos\">(Galdakao) +34 94 400 70 00<\/span><\/p>\n<p style=\"text-align: center;\"><strong>Hospital Santa Marina<\/strong><br \/>\n<span class=\"telefonos\">+34 94 400 69 00<\/span><\/p>\n<p>[\/vc_column_text][\/vc_column][\/vc_row][vc_row 0=\u00bb\u00bb][vc_column 0=\u00bb\u00bb][vc_empty_space height=\u00bb50px\u00bb][\/vc_column][\/vc_row]<\/p>\n<\/div>","protected":false},"excerpt":{"rendered":"<p>[vc_row full_width=\u00bbstretch_row_content_no_spaces\u00bb][vc_column 0=\u00bb\u00bb][rev_slider_vc alias=\u00bbhome\u00bb][\/vc_column][\/vc_row][vc_row type=\u00bbboxed\u00bb background_style=\u00bbnormal\u00bb css=\u00bb.vc_custom_1410453624756{margin-top: 50px !important;margin-bottom: 50px !important;}\u00bb][vc_column 0=\u00bb\u00bb][\/vc_column][\/vc_row][vc_row type=\u00bbboxed\u00bb css=\u00bb.vc_custom_1410453352713{margin-top: 40px !important;margin-bottom: 40px !important;}\u00bb background_style=\u00bbnormal\u00bb][vc_column 0=\u00bb\u00bb][\/vc_column][\/vc_row][vc_row type=\u00bbboxed\u00bb css=\u00bb.vc_custom_1410454670467{margin-top: 40px !important;margin-bottom: 40px !important;}\u00bb background_style=\u00bbnormal\u00bb][vc_column 0=\u00bb\u00bb][vc_separator 0=\u00bb\u00bb][\/vc_column][\/vc_row][vc_row type=\u00bbboxed\u00bb background_style=\u00bbnormal\u00bb][vc_column 0=\u00bb\u00bb][\/vc_column][\/vc_row][vc_row type=\u00bbboxed\u00bb background_style=\u00bbnormal\u00bb][vc_column width=\u00bb1\/4&#8243;][vc_single_image image=\u00bb2299&#8243; alignment=\u00bbcenter\u00bb][vc_column_text 0=\u00bb\u00bb] Parque Bomberos 944 233 000 944 204 950 [\/vc_column_text][\/vc_column][vc_column width=\u00bb1\/4&#8243;][vc_single_image image=\u00bb2301&#8243; alignment=\u00bbcenter\u00bb][vc_column_text 0=\u00bb\u00bb] SOS Deiak 112 [\/vc_column_text][\/vc_column][vc_column [&hellip;]<\/p>\n","protected":false},"author":8,"featured_media":0,"parent":0,"menu_order":0,"comment_status":"closed","ping_status":"closed","template":"page-full.php","meta":{"footnotes":""},"class_list":["post-865","page","type-page","status-publish","hentry"],"yoast_head":"<!-- This site is optimized with the Yoast SEO plugin v24.8.1 - https:\/\/yoast.com\/wordpress\/plugins\/seo\/ -->\n<title>Homepage - Farmacia Ruiz Golvano<\/title>\n<meta name=\"robots\" content=\"index, follow, max-snippet:-1, max-image-preview:large, max-video-preview:-1\" \/>\n<link rel=\"canonical\" href=\"https:\/\/farmaciaruizgolvano.com\/\" \/>\n<meta property=\"og:locale\" content=\"es_ES\" \/>\n<meta property=\"og:type\" content=\"article\" \/>\n<meta property=\"og:title\" content=\"Homepage - Farmacia Ruiz Golvano\" \/>\n<meta property=\"og:description\" content=\"[vc_row full_width=\u00bbstretch_row_content_no_spaces\u00bb][vc_column 0=\u00bb\u00bb][rev_slider_vc alias=\u00bbhome\u00bb][\/vc_column][\/vc_row][vc_row type=\u00bbboxed\u00bb background_style=\u00bbnormal\u00bb css=\u00bb.vc_custom_1410453624756{margin-top: 50px !important;margin-bottom: 50px !important;}\u00bb][vc_column 0=\u00bb\u00bb][\/vc_column][\/vc_row][vc_row type=\u00bbboxed\u00bb css=\u00bb.vc_custom_1410453352713{margin-top: 40px !important;margin-bottom: 40px !important;}\u00bb background_style=\u00bbnormal\u00bb][vc_column 0=\u00bb\u00bb][\/vc_column][\/vc_row][vc_row type=\u00bbboxed\u00bb css=\u00bb.vc_custom_1410454670467{margin-top: 40px !important;margin-bottom: 40px !important;}\u00bb background_style=\u00bbnormal\u00bb][vc_column 0=\u00bb\u00bb][vc_separator 0=\u00bb\u00bb][\/vc_column][\/vc_row][vc_row type=\u00bbboxed\u00bb background_style=\u00bbnormal\u00bb][vc_column 0=\u00bb\u00bb][\/vc_column][\/vc_row][vc_row type=\u00bbboxed\u00bb background_style=\u00bbnormal\u00bb][vc_column width=\u00bb1\/4&#8243;][vc_single_image image=\u00bb2299&#8243; alignment=\u00bbcenter\u00bb][vc_column_text 0=\u00bb\u00bb] Parque Bomberos 944 233 000 944 204 950 [\/vc_column_text][\/vc_column][vc_column width=\u00bb1\/4&#8243;][vc_single_image image=\u00bb2301&#8243; alignment=\u00bbcenter\u00bb][vc_column_text 0=\u00bb\u00bb] SOS Deiak 112 [\/vc_column_text][\/vc_column][vc_column [&hellip;]\" \/>\n<meta property=\"og:url\" content=\"https:\/\/farmaciaruizgolvano.com\/\" \/>\n<meta property=\"og:site_name\" content=\"Farmacia Ruiz Golvano\" \/>\n<meta property=\"article:publisher\" content=\"http:\/\/www.facebook.com\/FarmaciaRuizGolvanoPaula\" \/>\n<meta property=\"article:modified_time\" content=\"2021-11-04T17:28:33+00:00\" \/>\n<meta name=\"twitter:label1\" content=\"Tiempo de lectura\" \/>\n\t<meta name=\"twitter:data1\" content=\"1 minuto\" \/>\n<script type=\"application\/ld+json\" class=\"yoast-schema-graph\">{\"@context\":\"https:\/\/schema.org\",\"@graph\":[{\"@type\":\"WebPage\",\"@id\":\"https:\/\/farmaciaruizgolvano.com\/\",\"url\":\"https:\/\/farmaciaruizgolvano.com\/\",\"name\":\"Homepage - Farmacia Ruiz Golvano\",\"isPartOf\":{\"@id\":\"https:\/\/farmaciaruizgolvano.com\/#website\"},\"datePublished\":\"2013-03-02T16:21:15+00:00\",\"dateModified\":\"2021-11-04T17:28:33+00:00\",\"breadcrumb\":{\"@id\":\"https:\/\/farmaciaruizgolvano.com\/#breadcrumb\"},\"inLanguage\":\"es\",\"potentialAction\":[{\"@type\":\"ReadAction\",\"target\":[\"https:\/\/farmaciaruizgolvano.com\/\"]}]},{\"@type\":\"BreadcrumbList\",\"@id\":\"https:\/\/farmaciaruizgolvano.com\/#breadcrumb\",\"itemListElement\":[{\"@type\":\"ListItem\",\"position\":1,\"name\":\"Portada\",\"item\":\"https:\/\/farmaciaruizgolvano.com\/\"},{\"@type\":\"ListItem\",\"position\":2,\"name\":\"Homepage\"}]},{\"@type\":\"WebSite\",\"@id\":\"https:\/\/farmaciaruizgolvano.com\/#website\",\"url\":\"https:\/\/farmaciaruizgolvano.com\/\",\"name\":\"Farmacia Ruiz Golvano\",\"description\":\"\",\"publisher\":{\"@id\":\"https:\/\/farmaciaruizgolvano.com\/#organization\"},\"potentialAction\":[{\"@type\":\"SearchAction\",\"target\":{\"@type\":\"EntryPoint\",\"urlTemplate\":\"https:\/\/farmaciaruizgolvano.com\/?s={search_term_string}\"},\"query-input\":{\"@type\":\"PropertyValueSpecification\",\"valueRequired\":true,\"valueName\":\"search_term_string\"}}],\"inLanguage\":\"es\"},{\"@type\":\"Organization\",\"@id\":\"https:\/\/farmaciaruizgolvano.com\/#organization\",\"name\":\"Farmacia Ruiz Golvano\",\"url\":\"https:\/\/farmaciaruizgolvano.com\/\",\"logo\":{\"@type\":\"ImageObject\",\"inLanguage\":\"es\",\"@id\":\"https:\/\/farmaciaruizgolvano.com\/#\/schema\/logo\/image\/\",\"url\":\"https:\/\/farmaciaruizgolvano.com\/wp-content\/uploads\/logo1-e14108719298411.png\",\"contentUrl\":\"https:\/\/farmaciaruizgolvano.com\/wp-content\/uploads\/logo1-e14108719298411.png\",\"width\":200,\"height\":63,\"caption\":\"Farmacia Ruiz Golvano\"},\"image\":{\"@id\":\"https:\/\/farmaciaruizgolvano.com\/#\/schema\/logo\/image\/\"},\"sameAs\":[\"http:\/\/www.facebook.com\/FarmaciaRuizGolvanoPaula\",\"https:\/\/x.com\/farmapaularuiz\",\"http:\/\/www.instagram.com\/ruizgolvanopaula\/\",\"https:\/\/es.linkedin.com\/in\/farmacia-ortopedia-paula-ruiz-golvano-b6a62599\"]}]}<\/script>\n<!-- \/ Yoast SEO plugin. -->","yoast_head_json":{"title":"Homepage - Farmacia Ruiz Golvano","robots":{"index":"index","follow":"follow","max-snippet":"max-snippet:-1","max-image-preview":"max-image-preview:large","max-video-preview":"max-video-preview:-1"},"canonical":"https:\/\/farmaciaruizgolvano.com\/","og_locale":"es_ES","og_type":"article","og_title":"Homepage - Farmacia Ruiz Golvano","og_description":"[vc_row full_width=\u00bbstretch_row_content_no_spaces\u00bb][vc_column 0=\u00bb\u00bb][rev_slider_vc alias=\u00bbhome\u00bb][\/vc_column][\/vc_row][vc_row type=\u00bbboxed\u00bb background_style=\u00bbnormal\u00bb css=\u00bb.vc_custom_1410453624756{margin-top: 50px !important;margin-bottom: 50px !important;}\u00bb][vc_column 0=\u00bb\u00bb][\/vc_column][\/vc_row][vc_row type=\u00bbboxed\u00bb css=\u00bb.vc_custom_1410453352713{margin-top: 40px !important;margin-bottom: 40px !important;}\u00bb background_style=\u00bbnormal\u00bb][vc_column 0=\u00bb\u00bb][\/vc_column][\/vc_row][vc_row type=\u00bbboxed\u00bb css=\u00bb.vc_custom_1410454670467{margin-top: 40px !important;margin-bottom: 40px !important;}\u00bb background_style=\u00bbnormal\u00bb][vc_column 0=\u00bb\u00bb][vc_separator 0=\u00bb\u00bb][\/vc_column][\/vc_row][vc_row type=\u00bbboxed\u00bb background_style=\u00bbnormal\u00bb][vc_column 0=\u00bb\u00bb][\/vc_column][\/vc_row][vc_row type=\u00bbboxed\u00bb background_style=\u00bbnormal\u00bb][vc_column width=\u00bb1\/4&#8243;][vc_single_image image=\u00bb2299&#8243; alignment=\u00bbcenter\u00bb][vc_column_text 0=\u00bb\u00bb] Parque Bomberos 944 233 000 944 204 950 [\/vc_column_text][\/vc_column][vc_column width=\u00bb1\/4&#8243;][vc_single_image image=\u00bb2301&#8243; alignment=\u00bbcenter\u00bb][vc_column_text 0=\u00bb\u00bb] SOS Deiak 112 [\/vc_column_text][\/vc_column][vc_column [&hellip;]","og_url":"https:\/\/farmaciaruizgolvano.com\/","og_site_name":"Farmacia Ruiz Golvano","article_publisher":"http:\/\/www.facebook.com\/FarmaciaRuizGolvanoPaula","article_modified_time":"2021-11-04T17:28:33+00:00","twitter_misc":{"Tiempo de lectura":"1 minuto"},"schema":{"@context":"https:\/\/schema.org","@graph":[{"@type":"WebPage","@id":"https:\/\/farmaciaruizgolvano.com\/","url":"https:\/\/farmaciaruizgolvano.com\/","name":"Homepage - Farmacia Ruiz Golvano","isPartOf":{"@id":"https:\/\/farmaciaruizgolvano.com\/#website"},"datePublished":"2013-03-02T16:21:15+00:00","dateModified":"2021-11-04T17:28:33+00:00","breadcrumb":{"@id":"https:\/\/farmaciaruizgolvano.com\/#breadcrumb"},"inLanguage":"es","potentialAction":[{"@type":"ReadAction","target":["https:\/\/farmaciaruizgolvano.com\/"]}]},{"@type":"BreadcrumbList","@id":"https:\/\/farmaciaruizgolvano.com\/#breadcrumb","itemListElement":[{"@type":"ListItem","position":1,"name":"Portada","item":"https:\/\/farmaciaruizgolvano.com\/"},{"@type":"ListItem","position":2,"name":"Homepage"}]},{"@type":"WebSite","@id":"https:\/\/farmaciaruizgolvano.com\/#website","url":"https:\/\/farmaciaruizgolvano.com\/","name":"Farmacia Ruiz Golvano","description":"","publisher":{"@id":"https:\/\/farmaciaruizgolvano.com\/#organization"},"potentialAction":[{"@type":"SearchAction","target":{"@type":"EntryPoint","urlTemplate":"https:\/\/farmaciaruizgolvano.com\/?s={search_term_string}"},"query-input":{"@type":"PropertyValueSpecification","valueRequired":true,"valueName":"search_term_string"}}],"inLanguage":"es"},{"@type":"Organization","@id":"https:\/\/farmaciaruizgolvano.com\/#organization","name":"Farmacia Ruiz Golvano","url":"https:\/\/farmaciaruizgolvano.com\/","logo":{"@type":"ImageObject","inLanguage":"es","@id":"https:\/\/farmaciaruizgolvano.com\/#\/schema\/logo\/image\/","url":"https:\/\/farmaciaruizgolvano.com\/wp-content\/uploads\/logo1-e14108719298411.png","contentUrl":"https:\/\/farmaciaruizgolvano.com\/wp-content\/uploads\/logo1-e14108719298411.png","width":200,"height":63,"caption":"Farmacia Ruiz Golvano"},"image":{"@id":"https:\/\/farmaciaruizgolvano.com\/#\/schema\/logo\/image\/"},"sameAs":["http:\/\/www.facebook.com\/FarmaciaRuizGolvanoPaula","https:\/\/x.com\/farmapaularuiz","http:\/\/www.instagram.com\/ruizgolvanopaula\/","https:\/\/es.linkedin.com\/in\/farmacia-ortopedia-paula-ruiz-golvano-b6a62599"]}]}},"_links":{"self":[{"href":"https:\/\/farmaciaruizgolvano.com\/index.php?rest_route=\/wp\/v2\/pages\/865","targetHints":{"allow":["GET"]}}],"collection":[{"href":"https:\/\/farmaciaruizgolvano.com\/index.php?rest_route=\/wp\/v2\/pages"}],"about":[{"href":"https:\/\/farmaciaruizgolvano.com\/index.php?rest_route=\/wp\/v2\/types\/page"}],"author":[{"embeddable":true,"href":"https:\/\/farmaciaruizgolvano.com\/index.php?rest_route=\/wp\/v2\/users\/8"}],"replies":[{"embeddable":true,"href":"https:\/\/farmaciaruizgolvano.com\/index.php?rest_route=%2Fwp%2Fv2%2Fcomments&post=865"}],"version-history":[{"count":66,"href":"https:\/\/farmaciaruizgolvano.com\/index.php?rest_route=\/wp\/v2\/pages\/865\/revisions"}],"predecessor-version":[{"id":3492,"href":"https:\/\/farmaciaruizgolvano.com\/index.php?rest_route=\/wp\/v2\/pages\/865\/revisions\/3492"}],"wp:attachment":[{"href":"https:\/\/farmaciaruizgolvano.com\/index.php?rest_route=%2Fwp%2Fv2%2Fmedia&parent=865"}],"curies":[{"name":"wp","href":"https:\/\/api.w.org\/{rel}","templated":true}]}}