{"id":2333,"date":"2014-10-16T14:34:10","date_gmt":"2014-10-16T14:34:10","guid":{"rendered":"https:\/\/farmaciaruizgolvano.com\/nuevaweb\/?page_id=2333"},"modified":"2022-09-15T13:05:45","modified_gmt":"2022-09-15T13:05:45","slug":"politica-de-privacidad","status":"publish","type":"page","link":"https:\/\/farmaciaruizgolvano.com\/?page_id=2333","title":{"rendered":"Pol\u00edtica de Privacidad"},"content":{"rendered":"\n<p><\/p>\n\n\n\n<p>Esta pol\u00edtica de privacidad tiene por objeto facilitar informaci\u00f3n en relaci\u00f3n a los tratamientos de datos personales de FARMACIA Y ORTOPEDIA RUIZ GOLVANO y describir los derechos que asisten a los interesados, de conformidad al Reglamento (UE) 2016\/679 del Parlamento Europeo y del Consejo, de 27 de abril de 2016, relativo a la protecci\u00f3n de las personas f\u00edsicas en lo que respecta al tratamiento de datos personales y a la libre circulaci\u00f3n de estos datos (RGPD), y la Ley Org\u00e1nica 3\/2018 de 5 de diciembre, de Protecci\u00f3n de Datos Personales y garant\u00eda de los derechos digitales (LOPDGDD).<\/p>\n\n\n\n<h2 class=\"wp-block-heading\"><strong>Identidad y datos de contacto del Responsable<\/strong><\/h2>\n\n\n\n<p>Titular: FARMACIA Y ORTOPEDIA RUIZ GOLVANO<\/p>\n\n\n\n<p>CIF \/ NIF: E10819357<\/p>\n\n\n\n<p>Es la responsable de los tratamientos de datos que se enumeran a continuaci\u00f3n. Para contactar con la misma pueden utilizarse los siguientes canales:<\/p>\n\n\n\n<ul class=\"wp-block-list\"><li>Mediante correo postal dirigido a PAU CASALS 1 OTXARKOAGA 48004, BILBAO<\/li><\/ul>\n\n\n\n<h2 class=\"wp-block-heading\"><strong>Finalidad del tratamiento de sus datos personales<\/strong><\/h2>\n\n\n\n<p>Dentro de la plataforma digital deFARMACIA Y ORTOPEDIA RUIZ GOLVANO la recogida y tratamiento de los datos personales de la persona usuaria se realizar\u00e1 en funci\u00f3n del contexto y naturaleza, con las finalidades siguientes:<\/p>\n\n\n\n<ul class=\"wp-block-list\"><li>La gesti\u00f3n y atenci\u00f3n de las consultas y solicitudes de informaci\u00f3n recibidas.<\/li><li>La gesti\u00f3n de las citas de nutrici\u00f3n y ortopedia<\/li><li>La suscripci\u00f3n al Bolet\u00edn de Newsletter<\/li><li>La obtenci\u00f3n de la tarjeta cliente<\/li><li>La gesti\u00f3n de pedidos y encargos<\/li><\/ul>\n\n\n\n<h2 class=\"wp-block-heading\"><strong>Base jur\u00eddica para el tratamiento de sus datos<\/strong><\/h2>\n\n\n\n<p>La base legal para el tratamiento de sus datos personales es el consentimiento del interesado que realiza la consulta o solicita informaci\u00f3n, para uno o varios fines espec\u00edficos, para la suscripci\u00f3n a newletter o para la obtenci\u00f3n de la tarjeta cliente. La comunicaci\u00f3n de sus datos personales es necesaria para atender la consulta o solicitud.<\/p>\n\n\n\n<p>En el caso de la gesti\u00f3n de pedidos y encargos y de citas de nutrici\u00f3n y ortopedia la base legal ser\u00e1 el cumplimiento de las obligaciones contractuales o aplicaci\u00f3n de medidas precontractuales<\/p>\n\n\n\n<h2 class=\"wp-block-heading\"><strong>Conservaci\u00f3n de los datos<\/strong><\/h2>\n\n\n\n<p>En cada tratamiento los datos se conservar\u00e1n durante el mantenimiento de las relaciones establecidas y, con posterioridad, durante los plazos legales aplicables y el tiempo necesario para cumplir con la finalidad para la que se recabaron y para determinar las posibles responsabilidades que se pudieran derivar de dicha finalidad y del tratamiento de los datos. \u00danicamente se solicitan los datos necesarios para cada tratamiento.<\/p>\n\n\n\n<h2 class=\"wp-block-heading\"><strong>Destinatarios<\/strong><\/h2>\n\n\n\n<p>Sus datos personales no se ceder\u00e1n a terceros, salvo obligaci\u00f3n legal. Asimismo, podr\u00e1n ser cedidos a terceros cuando se requiera para cumplir con las finalidades anteriormente previstas en cuyo caso solicitaremos su consentimiento<\/p>\n\n\n\n<h2 class=\"wp-block-heading\"><strong>Ejercicio de derechos<\/strong><\/h2>\n\n\n\n<p>Le informamos de que podr\u00e1 ejercer los siguientes derechos:<\/p>\n\n\n\n<ol class=\"wp-block-list\"><li>Derecho de acceso a sus datos personales para saber cu\u00e1les est\u00e1n siendo objeto de tratamiento;<\/li><li>Derecho de rectificaci\u00f3n de cualquier dato personal inexacto;<\/li><li>Derecho de supresi\u00f3n de sus datos personales, cuando esto sea posible;<\/li><li>Derecho a solicitar la limitaci\u00f3n del tratamiento de sus datos personales cuando la exactitud, la legalidad o la necesidad del tratamiento de los datos resulte dudosa, en cuyo caso, podremos conservar los datos para el ejercicio o la defensa de reclamaciones.<\/li><li>Derecho de oposici\u00f3n al tratamiento de sus datos personales, cuando la base legal que nos habilite para su tratamiento sea el inter\u00e9s leg\u00edtimo. FARMACIA Y ORTOPEDIA RUIZ GOLVANO<\/li><li>dejar\u00e1 de tratar sus datos salvo que tenga un inter\u00e9s leg\u00edtimo imperioso o para la formulaci\u00f3n, el ejercicio o la defensa de reclamaciones.<\/li><li>Derecho a la portabilidad de sus datos, cuando la base legal que nos habilite para su tratamiento de las indicadas sea su consentimiento.<\/li><\/ol>\n\n\n\n<p>Dichos derechos podr\u00e1n ser ejercitados gratuitamente por el interesado, y en su caso quien lo represente, mediante solicitud escrita dirigida a PAU CASALS 1 OTXARKOAGA 48004, BILBAO<\/p>\n\n\n\n<p>Adem\u00e1s de los anteriores derechos, el interesado tendr\u00e1 derecho a retirar el consentimiento otorgado en cualquier momento sin que dicha retirada de consentimiento afecte a la licitud del tratamiento anterior a la retirada del mismo. FARMACIA Y ORTOPEDIA RUIZ GOLVANO podr\u00e1 continuar tratando los datos del interesado en la medida en que la ley aplicable lo permita.<\/p>\n\n\n\n<p>FARMACIA Y ORTOPEDIA RUIZ GOLVANO recuerda al interesado que tiene derecho a presentar una reclamaci\u00f3n ante la Autoridad de Control competente del pa\u00eds en el que se encuentra.<\/p>\n\n\n\n<h2 class=\"wp-block-heading\"><strong>\u00bfQu\u00e9 medidas de seguridad tenemos implementadas?<\/strong><\/h2>\n\n\n\n<p>FARMACIA Y ORTOPEDIA RUIZ GOLVANO se compromete al cumplimiento de su obligaci\u00f3n de secreto de los datos de car\u00e1cter personal y de su deber de guardarlos, y adoptar\u00e1 las medidas necesarias para evitar su alteraci\u00f3n, p\u00e9rdida, tratamiento o acceso no autorizado, de acuerdo con lo establecido por normativa aplicable.<\/p>\n\n\n\n<p>FARMACIA Y ORTOPEDIA RUIZ GOLVANO tiene implementadas las medidas de seguridad de \u00edndole t\u00e9cnica y organizativas necesarias para garantizar la seguridad de sus datos de car\u00e1cter personal y evitar su alteraci\u00f3n, p\u00e9rdida y tratamiento y\/o acceso no autorizado, habida cuenta del estado de la tecnolog\u00eda, la naturaleza de los datos almacenados y los riesgos a que est\u00e1n expuestos, ya provengan de la acci\u00f3n humana o del medio f\u00edsico o natural, de acuerdo a lo establecido por la normativa aplicable.<\/p>\n\n\n\n<h2 class=\"wp-block-heading\"><strong>Transferencia de tus datos<\/strong><\/h2>\n\n\n\n<p>En caso de publicaci\u00f3n de los datos en fotos o v\u00eddeos en el portal de Youtube y en redes sociales como Facebook, Instragram o Twitter, se producir\u00e1 la transferencia internacional de los mismos a, respectivamente, Google, Inc., Facebook, Inc., Instagram y Twitter, Inc., entidades con sede en EE.UU en aplicaci\u00f3n del art\u00edculo 6.1.a del RGPD.<\/p>\n\n\n\n<h2 class=\"wp-block-heading\"><strong>Confidencialidad<\/strong><\/h2>\n\n\n\n<p>Los datos personales que podamos recabar a trav\u00e9s del sitio web o por medio de las distintas comunicaciones que mantengamos contigo ser\u00e1n tratados con confidencialidad, comprometi\u00e9ndonos a guardar secreto respecto de los mismos de acuerdo con lo establecido en la legislaci\u00f3n aplicable.<\/p>\n\n\n\n<h2 class=\"wp-block-heading\"><strong>Links a otros sitios web<\/strong><\/h2>\n\n\n\n<p>Esta p\u00e1gina web puede incluir hiperv\u00ednculos a otros sitios que no son operados o controlados por FARMACIA Y ORTOPEDIA RUIZ GOLVANO. Por ello, FARMACIA Y ORTOPEDIA RUIZ GOLVANO no garantiza, ni se hace responsable de la licitud, fiabilidad, utilidad, veracidad y actualidad de los contenidos de tales sitios web o de sus pr\u00e1cticas de privacidad. Por favor antes de proporcionar su informaci\u00f3n personal a estos sitios web ajenos a FARMACIA Y ORTOPEDIA RUIZ GOLVANO tenga en cuenta que su cumplimiento en materia de protecci\u00f3n de datos puede diferir del nuestro.<\/p>\n\n\n\n<h2 class=\"wp-block-heading\"><strong>Actualizaci\u00f3n de la pol\u00edtica de privacidad<\/strong><\/h2>\n\n\n\n<p>El contenido de la pol\u00edtica de protecci\u00f3n de datos podr\u00e1 ser objeto de modificaci\u00f3n para adaptarlo a cambios legislativos que puedan producirse, as\u00ed como a criterios y posiciones emitidas por las autoridades de control. En todo caso, cualquier modificaci\u00f3n de la Pol\u00edtica de Privacidad le ser\u00e1 debidamente notificada al Afectado para que, quede informado de los cambios realizados en el tratamiento de sus datos personales y, en caso de que la normativa aplicable as\u00ed lo exija, el Afectado pueda otorgar su consentimiento.<\/p>\n\n\n\n<p><\/p>\n\n\n\n<p><\/p>\n","protected":false},"excerpt":{"rendered":"<p>Esta pol\u00edtica de privacidad tiene por objeto facilitar informaci\u00f3n en relaci\u00f3n a los tratamientos de datos personales de FARMACIA Y ORTOPEDIA RUIZ GOLVANO y describir los derechos que asisten a los interesados, de conformidad al Reglamento (UE) 2016\/679 del Parlamento Europeo y del Consejo, de 27 de abril de 2016, relativo a la protecci\u00f3n de [&hellip;]<\/p>\n","protected":false},"author":8,"featured_media":0,"parent":3316,"menu_order":0,"comment_status":"closed","ping_status":"closed","template":"","meta":{"footnotes":""},"class_list":["post-2333","page","type-page","status-publish","hentry"],"yoast_head":"<!-- This site is optimized with the Yoast SEO plugin v24.8.1 - https:\/\/yoast.com\/wordpress\/plugins\/seo\/ -->\n<title>Pol\u00edtica de Privacidad - Farmacia Ruiz Golvano<\/title>\n<meta name=\"robots\" content=\"index, follow, max-snippet:-1, max-image-preview:large, max-video-preview:-1\" \/>\n<link rel=\"canonical\" href=\"https:\/\/farmaciaruizgolvano.com\/?page_id=2333\" \/>\n<meta property=\"og:locale\" content=\"es_ES\" \/>\n<meta property=\"og:type\" content=\"article\" \/>\n<meta property=\"og:title\" content=\"Pol\u00edtica de Privacidad - Farmacia Ruiz Golvano\" \/>\n<meta property=\"og:description\" content=\"Esta pol\u00edtica de privacidad tiene por objeto facilitar informaci\u00f3n en relaci\u00f3n a los tratamientos de datos personales de FARMACIA Y ORTOPEDIA RUIZ GOLVANO y describir los derechos que asisten a los interesados, de conformidad al Reglamento (UE) 2016\/679 del Parlamento Europeo y del Consejo, de 27 de abril de 2016, relativo a la protecci\u00f3n de [&hellip;]\" \/>\n<meta property=\"og:url\" content=\"https:\/\/farmaciaruizgolvano.com\/?page_id=2333\" \/>\n<meta property=\"og:site_name\" content=\"Farmacia Ruiz Golvano\" \/>\n<meta property=\"article:publisher\" content=\"http:\/\/www.facebook.com\/FarmaciaRuizGolvanoPaula\" \/>\n<meta property=\"article:modified_time\" content=\"2022-09-15T13:05:45+00:00\" \/>\n<meta name=\"twitter:label1\" content=\"Tiempo de lectura\" \/>\n\t<meta name=\"twitter:data1\" content=\"6 minutos\" \/>\n<script type=\"application\/ld+json\" class=\"yoast-schema-graph\">{\"@context\":\"https:\/\/schema.org\",\"@graph\":[{\"@type\":\"WebPage\",\"@id\":\"https:\/\/farmaciaruizgolvano.com\/?page_id=2333\",\"url\":\"https:\/\/farmaciaruizgolvano.com\/?page_id=2333\",\"name\":\"Pol\u00edtica de Privacidad - Farmacia Ruiz Golvano\",\"isPartOf\":{\"@id\":\"https:\/\/farmaciaruizgolvano.com\/#website\"},\"datePublished\":\"2014-10-16T14:34:10+00:00\",\"dateModified\":\"2022-09-15T13:05:45+00:00\",\"breadcrumb\":{\"@id\":\"https:\/\/farmaciaruizgolvano.com\/?page_id=2333#breadcrumb\"},\"inLanguage\":\"es\",\"potentialAction\":[{\"@type\":\"ReadAction\",\"target\":[\"https:\/\/farmaciaruizgolvano.com\/?page_id=2333\"]}]},{\"@type\":\"BreadcrumbList\",\"@id\":\"https:\/\/farmaciaruizgolvano.com\/?page_id=2333#breadcrumb\",\"itemListElement\":[{\"@type\":\"ListItem\",\"position\":1,\"name\":\"Portada\",\"item\":\"https:\/\/farmaciaruizgolvano.com\/\"},{\"@type\":\"ListItem\",\"position\":2,\"name\":\"Informaci\u00f3n Legal\",\"item\":\"https:\/\/farmaciaruizgolvano.com\/?page_id=3316\"},{\"@type\":\"ListItem\",\"position\":3,\"name\":\"Pol\u00edtica de Privacidad\"}]},{\"@type\":\"WebSite\",\"@id\":\"https:\/\/farmaciaruizgolvano.com\/#website\",\"url\":\"https:\/\/farmaciaruizgolvano.com\/\",\"name\":\"Farmacia Ruiz Golvano\",\"description\":\"\",\"publisher\":{\"@id\":\"https:\/\/farmaciaruizgolvano.com\/#organization\"},\"potentialAction\":[{\"@type\":\"SearchAction\",\"target\":{\"@type\":\"EntryPoint\",\"urlTemplate\":\"https:\/\/farmaciaruizgolvano.com\/?s={search_term_string}\"},\"query-input\":{\"@type\":\"PropertyValueSpecification\",\"valueRequired\":true,\"valueName\":\"search_term_string\"}}],\"inLanguage\":\"es\"},{\"@type\":\"Organization\",\"@id\":\"https:\/\/farmaciaruizgolvano.com\/#organization\",\"name\":\"Farmacia Ruiz Golvano\",\"url\":\"https:\/\/farmaciaruizgolvano.com\/\",\"logo\":{\"@type\":\"ImageObject\",\"inLanguage\":\"es\",\"@id\":\"https:\/\/farmaciaruizgolvano.com\/#\/schema\/logo\/image\/\",\"url\":\"https:\/\/farmaciaruizgolvano.com\/wp-content\/uploads\/logo1-e14108719298411.png\",\"contentUrl\":\"https:\/\/farmaciaruizgolvano.com\/wp-content\/uploads\/logo1-e14108719298411.png\",\"width\":200,\"height\":63,\"caption\":\"Farmacia Ruiz Golvano\"},\"image\":{\"@id\":\"https:\/\/farmaciaruizgolvano.com\/#\/schema\/logo\/image\/\"},\"sameAs\":[\"http:\/\/www.facebook.com\/FarmaciaRuizGolvanoPaula\",\"https:\/\/x.com\/farmapaularuiz\",\"http:\/\/www.instagram.com\/ruizgolvanopaula\/\",\"https:\/\/es.linkedin.com\/in\/farmacia-ortopedia-paula-ruiz-golvano-b6a62599\"]}]}<\/script>\n<!-- \/ Yoast SEO plugin. -->","yoast_head_json":{"title":"Pol\u00edtica de Privacidad - Farmacia Ruiz Golvano","robots":{"index":"index","follow":"follow","max-snippet":"max-snippet:-1","max-image-preview":"max-image-preview:large","max-video-preview":"max-video-preview:-1"},"canonical":"https:\/\/farmaciaruizgolvano.com\/?page_id=2333","og_locale":"es_ES","og_type":"article","og_title":"Pol\u00edtica de Privacidad - Farmacia Ruiz Golvano","og_description":"Esta pol\u00edtica de privacidad tiene por objeto facilitar informaci\u00f3n en relaci\u00f3n a los tratamientos de datos personales de FARMACIA Y ORTOPEDIA RUIZ GOLVANO y describir los derechos que asisten a los interesados, de conformidad al Reglamento (UE) 2016\/679 del Parlamento Europeo y del Consejo, de 27 de abril de 2016, relativo a la protecci\u00f3n de [&hellip;]","og_url":"https:\/\/farmaciaruizgolvano.com\/?page_id=2333","og_site_name":"Farmacia Ruiz Golvano","article_publisher":"http:\/\/www.facebook.com\/FarmaciaRuizGolvanoPaula","article_modified_time":"2022-09-15T13:05:45+00:00","twitter_misc":{"Tiempo de lectura":"6 minutos"},"schema":{"@context":"https:\/\/schema.org","@graph":[{"@type":"WebPage","@id":"https:\/\/farmaciaruizgolvano.com\/?page_id=2333","url":"https:\/\/farmaciaruizgolvano.com\/?page_id=2333","name":"Pol\u00edtica de Privacidad - Farmacia Ruiz Golvano","isPartOf":{"@id":"https:\/\/farmaciaruizgolvano.com\/#website"},"datePublished":"2014-10-16T14:34:10+00:00","dateModified":"2022-09-15T13:05:45+00:00","breadcrumb":{"@id":"https:\/\/farmaciaruizgolvano.com\/?page_id=2333#breadcrumb"},"inLanguage":"es","potentialAction":[{"@type":"ReadAction","target":["https:\/\/farmaciaruizgolvano.com\/?page_id=2333"]}]},{"@type":"BreadcrumbList","@id":"https:\/\/farmaciaruizgolvano.com\/?page_id=2333#breadcrumb","itemListElement":[{"@type":"ListItem","position":1,"name":"Portada","item":"https:\/\/farmaciaruizgolvano.com\/"},{"@type":"ListItem","position":2,"name":"Informaci\u00f3n Legal","item":"https:\/\/farmaciaruizgolvano.com\/?page_id=3316"},{"@type":"ListItem","position":3,"name":"Pol\u00edtica de Privacidad"}]},{"@type":"WebSite","@id":"https:\/\/farmaciaruizgolvano.com\/#website","url":"https:\/\/farmaciaruizgolvano.com\/","name":"Farmacia Ruiz Golvano","description":"","publisher":{"@id":"https:\/\/farmaciaruizgolvano.com\/#organization"},"potentialAction":[{"@type":"SearchAction","target":{"@type":"EntryPoint","urlTemplate":"https:\/\/farmaciaruizgolvano.com\/?s={search_term_string}"},"query-input":{"@type":"PropertyValueSpecification","valueRequired":true,"valueName":"search_term_string"}}],"inLanguage":"es"},{"@type":"Organization","@id":"https:\/\/farmaciaruizgolvano.com\/#organization","name":"Farmacia Ruiz Golvano","url":"https:\/\/farmaciaruizgolvano.com\/","logo":{"@type":"ImageObject","inLanguage":"es","@id":"https:\/\/farmaciaruizgolvano.com\/#\/schema\/logo\/image\/","url":"https:\/\/farmaciaruizgolvano.com\/wp-content\/uploads\/logo1-e14108719298411.png","contentUrl":"https:\/\/farmaciaruizgolvano.com\/wp-content\/uploads\/logo1-e14108719298411.png","width":200,"height":63,"caption":"Farmacia Ruiz Golvano"},"image":{"@id":"https:\/\/farmaciaruizgolvano.com\/#\/schema\/logo\/image\/"},"sameAs":["http:\/\/www.facebook.com\/FarmaciaRuizGolvanoPaula","https:\/\/x.com\/farmapaularuiz","http:\/\/www.instagram.com\/ruizgolvanopaula\/","https:\/\/es.linkedin.com\/in\/farmacia-ortopedia-paula-ruiz-golvano-b6a62599"]}]}},"_links":{"self":[{"href":"https:\/\/farmaciaruizgolvano.com\/index.php?rest_route=\/wp\/v2\/pages\/2333","targetHints":{"allow":["GET"]}}],"collection":[{"href":"https:\/\/farmaciaruizgolvano.com\/index.php?rest_route=\/wp\/v2\/pages"}],"about":[{"href":"https:\/\/farmaciaruizgolvano.com\/index.php?rest_route=\/wp\/v2\/types\/page"}],"author":[{"embeddable":true,"href":"https:\/\/farmaciaruizgolvano.com\/index.php?rest_route=\/wp\/v2\/users\/8"}],"replies":[{"embeddable":true,"href":"https:\/\/farmaciaruizgolvano.com\/index.php?rest_route=%2Fwp%2Fv2%2Fcomments&post=2333"}],"version-history":[{"count":11,"href":"https:\/\/farmaciaruizgolvano.com\/index.php?rest_route=\/wp\/v2\/pages\/2333\/revisions"}],"predecessor-version":[{"id":3461,"href":"https:\/\/farmaciaruizgolvano.com\/index.php?rest_route=\/wp\/v2\/pages\/2333\/revisions\/3461"}],"up":[{"embeddable":true,"href":"https:\/\/farmaciaruizgolvano.com\/index.php?rest_route=\/wp\/v2\/pages\/3316"}],"wp:attachment":[{"href":"https:\/\/farmaciaruizgolvano.com\/index.php?rest_route=%2Fwp%2Fv2%2Fmedia&parent=2333"}],"curies":[{"name":"wp","href":"https:\/\/api.w.org\/{rel}","templated":true}]}}