{"id":1944,"date":"2014-09-11T09:32:27","date_gmt":"2014-09-11T09:32:27","guid":{"rendered":"https:\/\/farmaciaruizgolvano.com\/nuevaweb\/?page_id=1944"},"modified":"2022-07-19T14:15:36","modified_gmt":"2022-07-19T14:15:36","slug":"sistema-personalizado-de-dosificacion","status":"publish","type":"page","link":"https:\/\/farmaciaruizgolvano.com\/?page_id=1944","title":{"rendered":"Sistema personalizado de dosificaci\u00f3n"},"content":{"rendered":"<div class=\"wpb-content-wrapper\"><p>[vc_row][vc_column width=\u00bb1\/2&#8243;][vc_column_text]En la Farmacia Ruiz Golvano ofrecemos a todos aquellas personas que tengan problemas para tomar correctamente su medicaci\u00f3n, la preparaci\u00f3n de un <strong>Sistema Personalizado de Dosificaci\u00f3n (SPD)<\/strong>; se trata de un dispositivo tipo blister que cuenta con distintos alv\u00e9olos en los que el farmac\u00e9utico coloca los medicamentos que el paciente seg\u00fan las tomas del d\u00eda en que se administran ( desayuno, comida, cena\u2026) para cumplir con la pauta que haya establecido su m\u00e9dico. El blister elaborado contiene la medicaci\u00f3n correspondiente a una semana. Se entrega presentado en una carpeta y tambi\u00e9n va etiquetado con toda la medicaci\u00f3n que contiene. De esta forma podemos conseguir:<\/p>\n<ul>\n<li>Un mejor cumplimiento del tratamiento<\/li>\n<li>Facilitarles una correcta identificaci\u00f3n de sus medicamentos<\/li>\n<li>Evitar problemas relacionados con el medicamento tales como incumplimientos, duplicidades<\/li>\n<li>Facilitar la labor del personal auxiliar domiciliario y\/o cuidador familiar en todos los aspectos relacionados con la medicaci\u00f3n<\/li>\n<\/ul>\n<p><strong>Este servicio es gratuito para pacientes adscritos a servicios de Atenci\u00f3n domiciliaria dependientes de los servicios sociales municipales <\/strong>gracias al \u201cConvenio de Colaboraci\u00f3n para la Mejora del Uso de la Medicaci\u00f3n en Personas Atendidas por los Servicios de Ayuda Domiciliaria\u201d entre el Departamento de Sanidad y el Consejo de Farmac\u00e9uticos del Pa\u00eds Vasco, firmado en 2009[\/vc_column_text][\/vc_column][vc_column width=\u00bb1\/2&#8243;][vc_single_image image=\u00bb1945&#8243; alignment=\u00bbcenter\u00bb css_animation=\u00bbleft-to-right\u00bb][\/vc_column][\/vc_row][vc_row css=\u00bb.vc_custom_1410426692563{margin-top: 40px !important;}\u00bb background_style=\u00bbnormal\u00bb][vc_column]\r\n\t\t<div class=\"shortcode_banner_simple_height \" onclick=\"location.href='https:\/\/farmaciaruizgolvano.com\/nuevaweb\/contacto\/';\">\r\n\t\t\t<div class=\"shortcode_banner_simple_height_inner\">\r\n\t\t\t\t<div class=\"shortcode_banner_simple_height_bkg\" style=\"background-color:#075879; \"><\/div>\r\n\t\t\t\r\n\t\t\t\t<div class=\"shortcode_banner_simple_height_inside\" style=\"height:120px; border: 2px solid #fff\">\r\n\t\t\t\t\t<div class=\"shortcode_banner_simple_height_content\">\r\n\t\t\t\t\t\t<div><h3 style=\"color:#fff !important\">\u00bfTienes alguna duda?<\/h3><\/div>\r\n\t\t\t\t\t\t<div class=\"shortcode_banner_simple_height_sep\" style=\"margin:5px auto; background-color:#fff;\"><\/div>\r\n\t\t\t\t\t\t<div><h4 style=\"color:#fff !important\">Ll\u00e1manos al 944 124 032 o clica aqu\u00ed y te ayudamos en lo que necesites<\/h4><\/div>\r\n\t\t\t\t\t<\/div>\r\n\t\t\t\t<\/div>\r\n\t\t\t<\/div><\/div>[\/vc_column][\/vc_row]<\/p>\n<\/div>","protected":false},"excerpt":{"rendered":"<p>[vc_row][vc_column width=\u00bb1\/2&#8243;][vc_column_text]En la Farmacia Ruiz Golvano ofrecemos a todos aquellas personas que tengan problemas para tomar correctamente su medicaci\u00f3n, la preparaci\u00f3n de un Sistema Personalizado de Dosificaci\u00f3n (SPD); se trata de un dispositivo tipo blister que cuenta con distintos alv\u00e9olos en los que el farmac\u00e9utico coloca los medicamentos que el paciente seg\u00fan las tomas del [&hellip;]<\/p>\n","protected":false},"author":8,"featured_media":0,"parent":0,"menu_order":0,"comment_status":"open","ping_status":"closed","template":"","meta":{"footnotes":""},"class_list":["post-1944","page","type-page","status-publish","hentry"],"yoast_head":"<!-- This site is optimized with the Yoast SEO plugin v24.8.1 - https:\/\/yoast.com\/wordpress\/plugins\/seo\/ -->\n<title>sistema personalizado de dosificacion<\/title>\n<meta name=\"description\" content=\"En la Farmacia Ruiz Golvano ofrecemos la preparaci\u00f3n de un Sistema Personalizado de Dosificaci\u00f3n (SPD) a todos que tengan problemas con su medicaci\u00f3n,\" \/>\n<meta name=\"robots\" content=\"index, follow, max-snippet:-1, max-image-preview:large, max-video-preview:-1\" \/>\n<link rel=\"canonical\" href=\"https:\/\/farmaciaruizgolvano.com\/?page_id=1944\" \/>\n<meta property=\"og:locale\" content=\"es_ES\" \/>\n<meta property=\"og:type\" content=\"article\" \/>\n<meta property=\"og:title\" content=\"sistema personalizado de dosificacion\" \/>\n<meta property=\"og:description\" content=\"En la Farmacia Ruiz Golvano ofrecemos la preparaci\u00f3n de un Sistema Personalizado de Dosificaci\u00f3n (SPD) a todos que tengan problemas con su medicaci\u00f3n,\" \/>\n<meta property=\"og:url\" content=\"https:\/\/farmaciaruizgolvano.com\/?page_id=1944\" \/>\n<meta property=\"og:site_name\" content=\"Farmacia Ruiz Golvano\" \/>\n<meta property=\"article:publisher\" content=\"http:\/\/www.facebook.com\/FarmaciaRuizGolvanoPaula\" \/>\n<meta property=\"article:modified_time\" content=\"2022-07-19T14:15:36+00:00\" \/>\n<meta name=\"twitter:label1\" content=\"Tiempo de lectura\" \/>\n\t<meta name=\"twitter:data1\" content=\"2 minutos\" \/>\n<script type=\"application\/ld+json\" class=\"yoast-schema-graph\">{\"@context\":\"https:\/\/schema.org\",\"@graph\":[{\"@type\":\"WebPage\",\"@id\":\"https:\/\/farmaciaruizgolvano.com\/?page_id=1944\",\"url\":\"https:\/\/farmaciaruizgolvano.com\/?page_id=1944\",\"name\":\"sistema personalizado de dosificacion\",\"isPartOf\":{\"@id\":\"https:\/\/farmaciaruizgolvano.com\/#website\"},\"datePublished\":\"2014-09-11T09:32:27+00:00\",\"dateModified\":\"2022-07-19T14:15:36+00:00\",\"description\":\"En la Farmacia Ruiz Golvano ofrecemos la preparaci\u00f3n de un Sistema Personalizado de Dosificaci\u00f3n (SPD) a todos que tengan problemas con su medicaci\u00f3n,\",\"breadcrumb\":{\"@id\":\"https:\/\/farmaciaruizgolvano.com\/?page_id=1944#breadcrumb\"},\"inLanguage\":\"es\",\"potentialAction\":[{\"@type\":\"ReadAction\",\"target\":[\"https:\/\/farmaciaruizgolvano.com\/?page_id=1944\"]}]},{\"@type\":\"BreadcrumbList\",\"@id\":\"https:\/\/farmaciaruizgolvano.com\/?page_id=1944#breadcrumb\",\"itemListElement\":[{\"@type\":\"ListItem\",\"position\":1,\"name\":\"Portada\",\"item\":\"https:\/\/farmaciaruizgolvano.com\/\"},{\"@type\":\"ListItem\",\"position\":2,\"name\":\"Sistema personalizado de dosificaci\u00f3n\"}]},{\"@type\":\"WebSite\",\"@id\":\"https:\/\/farmaciaruizgolvano.com\/#website\",\"url\":\"https:\/\/farmaciaruizgolvano.com\/\",\"name\":\"Farmacia Ruiz Golvano\",\"description\":\"\",\"publisher\":{\"@id\":\"https:\/\/farmaciaruizgolvano.com\/#organization\"},\"potentialAction\":[{\"@type\":\"SearchAction\",\"target\":{\"@type\":\"EntryPoint\",\"urlTemplate\":\"https:\/\/farmaciaruizgolvano.com\/?s={search_term_string}\"},\"query-input\":{\"@type\":\"PropertyValueSpecification\",\"valueRequired\":true,\"valueName\":\"search_term_string\"}}],\"inLanguage\":\"es\"},{\"@type\":\"Organization\",\"@id\":\"https:\/\/farmaciaruizgolvano.com\/#organization\",\"name\":\"Farmacia Ruiz Golvano\",\"url\":\"https:\/\/farmaciaruizgolvano.com\/\",\"logo\":{\"@type\":\"ImageObject\",\"inLanguage\":\"es\",\"@id\":\"https:\/\/farmaciaruizgolvano.com\/#\/schema\/logo\/image\/\",\"url\":\"https:\/\/farmaciaruizgolvano.com\/wp-content\/uploads\/logo1-e14108719298411.png\",\"contentUrl\":\"https:\/\/farmaciaruizgolvano.com\/wp-content\/uploads\/logo1-e14108719298411.png\",\"width\":200,\"height\":63,\"caption\":\"Farmacia Ruiz Golvano\"},\"image\":{\"@id\":\"https:\/\/farmaciaruizgolvano.com\/#\/schema\/logo\/image\/\"},\"sameAs\":[\"http:\/\/www.facebook.com\/FarmaciaRuizGolvanoPaula\",\"https:\/\/x.com\/farmapaularuiz\",\"http:\/\/www.instagram.com\/ruizgolvanopaula\/\",\"https:\/\/es.linkedin.com\/in\/farmacia-ortopedia-paula-ruiz-golvano-b6a62599\"]}]}<\/script>\n<!-- \/ Yoast SEO plugin. -->","yoast_head_json":{"title":"sistema personalizado de dosificacion","description":"En la Farmacia Ruiz Golvano ofrecemos la preparaci\u00f3n de un Sistema Personalizado de Dosificaci\u00f3n (SPD) a todos que tengan problemas con su medicaci\u00f3n,","robots":{"index":"index","follow":"follow","max-snippet":"max-snippet:-1","max-image-preview":"max-image-preview:large","max-video-preview":"max-video-preview:-1"},"canonical":"https:\/\/farmaciaruizgolvano.com\/?page_id=1944","og_locale":"es_ES","og_type":"article","og_title":"sistema personalizado de dosificacion","og_description":"En la Farmacia Ruiz Golvano ofrecemos la preparaci\u00f3n de un Sistema Personalizado de Dosificaci\u00f3n (SPD) a todos que tengan problemas con su medicaci\u00f3n,","og_url":"https:\/\/farmaciaruizgolvano.com\/?page_id=1944","og_site_name":"Farmacia Ruiz Golvano","article_publisher":"http:\/\/www.facebook.com\/FarmaciaRuizGolvanoPaula","article_modified_time":"2022-07-19T14:15:36+00:00","twitter_misc":{"Tiempo de lectura":"2 minutos"},"schema":{"@context":"https:\/\/schema.org","@graph":[{"@type":"WebPage","@id":"https:\/\/farmaciaruizgolvano.com\/?page_id=1944","url":"https:\/\/farmaciaruizgolvano.com\/?page_id=1944","name":"sistema personalizado de dosificacion","isPartOf":{"@id":"https:\/\/farmaciaruizgolvano.com\/#website"},"datePublished":"2014-09-11T09:32:27+00:00","dateModified":"2022-07-19T14:15:36+00:00","description":"En la Farmacia Ruiz Golvano ofrecemos la preparaci\u00f3n de un Sistema Personalizado de Dosificaci\u00f3n (SPD) a todos que tengan problemas con su medicaci\u00f3n,","breadcrumb":{"@id":"https:\/\/farmaciaruizgolvano.com\/?page_id=1944#breadcrumb"},"inLanguage":"es","potentialAction":[{"@type":"ReadAction","target":["https:\/\/farmaciaruizgolvano.com\/?page_id=1944"]}]},{"@type":"BreadcrumbList","@id":"https:\/\/farmaciaruizgolvano.com\/?page_id=1944#breadcrumb","itemListElement":[{"@type":"ListItem","position":1,"name":"Portada","item":"https:\/\/farmaciaruizgolvano.com\/"},{"@type":"ListItem","position":2,"name":"Sistema personalizado de dosificaci\u00f3n"}]},{"@type":"WebSite","@id":"https:\/\/farmaciaruizgolvano.com\/#website","url":"https:\/\/farmaciaruizgolvano.com\/","name":"Farmacia Ruiz Golvano","description":"","publisher":{"@id":"https:\/\/farmaciaruizgolvano.com\/#organization"},"potentialAction":[{"@type":"SearchAction","target":{"@type":"EntryPoint","urlTemplate":"https:\/\/farmaciaruizgolvano.com\/?s={search_term_string}"},"query-input":{"@type":"PropertyValueSpecification","valueRequired":true,"valueName":"search_term_string"}}],"inLanguage":"es"},{"@type":"Organization","@id":"https:\/\/farmaciaruizgolvano.com\/#organization","name":"Farmacia Ruiz Golvano","url":"https:\/\/farmaciaruizgolvano.com\/","logo":{"@type":"ImageObject","inLanguage":"es","@id":"https:\/\/farmaciaruizgolvano.com\/#\/schema\/logo\/image\/","url":"https:\/\/farmaciaruizgolvano.com\/wp-content\/uploads\/logo1-e14108719298411.png","contentUrl":"https:\/\/farmaciaruizgolvano.com\/wp-content\/uploads\/logo1-e14108719298411.png","width":200,"height":63,"caption":"Farmacia Ruiz Golvano"},"image":{"@id":"https:\/\/farmaciaruizgolvano.com\/#\/schema\/logo\/image\/"},"sameAs":["http:\/\/www.facebook.com\/FarmaciaRuizGolvanoPaula","https:\/\/x.com\/farmapaularuiz","http:\/\/www.instagram.com\/ruizgolvanopaula\/","https:\/\/es.linkedin.com\/in\/farmacia-ortopedia-paula-ruiz-golvano-b6a62599"]}]}},"_links":{"self":[{"href":"https:\/\/farmaciaruizgolvano.com\/index.php?rest_route=\/wp\/v2\/pages\/1944","targetHints":{"allow":["GET"]}}],"collection":[{"href":"https:\/\/farmaciaruizgolvano.com\/index.php?rest_route=\/wp\/v2\/pages"}],"about":[{"href":"https:\/\/farmaciaruizgolvano.com\/index.php?rest_route=\/wp\/v2\/types\/page"}],"author":[{"embeddable":true,"href":"https:\/\/farmaciaruizgolvano.com\/index.php?rest_route=\/wp\/v2\/users\/8"}],"replies":[{"embeddable":true,"href":"https:\/\/farmaciaruizgolvano.com\/index.php?rest_route=%2Fwp%2Fv2%2Fcomments&post=1944"}],"version-history":[{"count":10,"href":"https:\/\/farmaciaruizgolvano.com\/index.php?rest_route=\/wp\/v2\/pages\/1944\/revisions"}],"predecessor-version":[{"id":3430,"href":"https:\/\/farmaciaruizgolvano.com\/index.php?rest_route=\/wp\/v2\/pages\/1944\/revisions\/3430"}],"wp:attachment":[{"href":"https:\/\/farmaciaruizgolvano.com\/index.php?rest_route=%2Fwp%2Fv2%2Fmedia&parent=1944"}],"curies":[{"name":"wp","href":"https:\/\/api.w.org\/{rel}","templated":true}]}}