{"id":1924,"date":"2014-09-11T09:03:01","date_gmt":"2014-09-11T09:03:01","guid":{"rendered":"https:\/\/farmaciaruizgolvano.com\/nuevaweb\/?page_id=1924"},"modified":"2018-02-16T12:00:48","modified_gmt":"2018-02-16T12:00:48","slug":"analisis-de-piel-y-asesoramiento-cosmetico","status":"publish","type":"page","link":"https:\/\/farmaciaruizgolvano.com\/?page_id=1924","title":{"rendered":"An\u00e1lisis de piel y asesoramiento cosm\u00e9tico"},"content":{"rendered":"<div class=\"wpb-content-wrapper\"><p>[vc_row css=\u00bb.vc_custom_1493287982191{margin-top: 50px !important;}\u00bb][vc_column width=\u00bb1\/2&#8243;][vc_column_text]Ofrecemos una amplia variedad de productos para satisfacer las necesidades de todos nuestros clientes. Nuestros especialistas te asesorar\u00e1n sobre los productos de cosm\u00e9tica facial, corporal y capilar que mejor se adapten a tus necesidades. Trabajamos una amplia gama de productos que son capaces de tratar todo tipo de patolog\u00edas como pueden ser ros\u00e1cea, dermatitis at\u00f3pica, dermatitis seborreica, acn\u00e9 (tanto juvenil como de adultos), pieles sensibles e intolerantes,&#8230;<\/p>\n<p>Entre las marcas con las que trabajamos nos gustar\u00eda destacar las siguientes:<\/p>\n<ul>\n<li><strong>Marca propia:<\/strong> en esta l\u00ednea encontraras desde cremas faciales hasta desodorantes. En lo que se refiere a cremas faciales tenemos una amplia variedad que cubre las necesidades de todos los grupos de edad. Tambi\u00e9n tenemos champ\u00fas y desodorantes para pieles m\u00e1s sensibles y cremas remodeladoras y antiestrias.<\/li>\n<li><strong>Avene:<\/strong> la marca de pieles sensibles por excelencia. Gracias a su variedad de productos aquellas pieles que sean m\u00e1s intolerantes tendr\u00e1n su opci\u00f3n en esta gama de productos. Sin olvidarnos de los maquillajes Couvrance que sirven para disimular cualquier imperfecci\u00f3n.<\/li>\n<li><strong>Sensilis:<\/strong> una marca muy cosm\u00e9tica que cada d\u00eda se reinventa con precios m\u00e1s que asequibles para todos los bolsillos. Con una gama de productos que abarca todas las edades. Tambi\u00e9n tenemos la gama de maquillaje de Sensilis, con una gran variedad de productos.<\/li>\n<li><strong>Bioderma:<\/strong> este laboratorio ya no solo tiene los solares que venimos trabajando desde hace tiempo. Sino que tambi\u00e9n pod\u00e9is encontrar una amplia gama de productos para pieles sensibles, con tendencia grasa o at\u00f3picas a precios \u00fanicos y con ofertas exclusivas.<\/li>\n<li><strong>Darphin:\u00a0<\/strong>un laboratorio que trabaja con los aromas y que te enamora desde el primer momento que hueles sus productos. Darphin ofrece serums eficaces contra cualquier problema de la piel como pueden ser enrojecimiento, falta de luminosidad o rejuvenecer. Tambi\u00e9n tienen cremas con varios tipos de texturas y aceites que son \u00fanicos.<\/li>\n<li><strong>Martiderm:<\/strong> este laboratorio basa sus productos en los famosos proteoglicanos. Adem\u00e1s trabajamos con la linea antimanchas de este laboratorio para todas aquellas personas que quieran eliminar esas peque\u00f1as manchas faciales producidas por la radiaci\u00f3n ultravioleta.<\/li>\n<li><strong>Ducray:<\/strong> este laboratorio con su gama para pieles at\u00f3picas es la referencia para todas aquellas personas que sufren de esta patolog\u00eda.<\/li>\n<\/ul>\n<p>[\/vc_column_text][\/vc_column][vc_column width=\u00bb1\/2&#8243;][vc_single_image image=\u00bb3267&#8243; css_animation=\u00bbleft-to-right\u00bb][\/vc_column][\/vc_row][vc_row][vc_column][vc_message]Pide tu cita con nuestro experto y con el dermoanalizador del que disponemos te podremos aconsejar sobre tu tratamiento de belleza ideal para que luzcas siempre perfecta.[\/vc_message][\/vc_column][\/vc_row][vc_row css=\u00bb.vc_custom_1410426692563{margin-top: 40px !important;}\u00bb background_style=\u00bbnormal\u00bb][vc_column]\r\n\t\t<div class=\"shortcode_banner_simple_height \" onclick=\"location.href='https:\/\/farmaciaruizgolvano.com\/nuevaweb\/contacto\/';\">\r\n\t\t\t<div class=\"shortcode_banner_simple_height_inner\">\r\n\t\t\t\t<div class=\"shortcode_banner_simple_height_bkg\" style=\"background-color:#075879; \"><\/div>\r\n\t\t\t\r\n\t\t\t\t<div class=\"shortcode_banner_simple_height_inside\" style=\"height:120px; border: 2px solid #fff\">\r\n\t\t\t\t\t<div class=\"shortcode_banner_simple_height_content\">\r\n\t\t\t\t\t\t<div><h3 style=\"color:#fff !important\">Inf\u00f3rmate y pide tu cita gratuita<\/h3><\/div>\r\n\t\t\t\t\t\t<div class=\"shortcode_banner_simple_height_sep\" style=\"margin:5px auto; background-color:#fff;\"><\/div>\r\n\t\t\t\t\t\t<div><h4 style=\"color:#fff !important\"> Te hacemos un estudio personalizado de t\u00fa tipo de piel<\/h4><\/div>\r\n\t\t\t\t\t<\/div>\r\n\t\t\t\t<\/div>\r\n\t\t\t<\/div><\/div>[\/vc_column][\/vc_row]<\/p>\n<\/div>","protected":false},"excerpt":{"rendered":"<p>[vc_row css=\u00bb.vc_custom_1493287982191{margin-top: 50px !important;}\u00bb][vc_column width=\u00bb1\/2&#8243;][vc_column_text]Ofrecemos una amplia variedad de productos para satisfacer las necesidades de todos nuestros clientes. Nuestros especialistas te asesorar\u00e1n sobre los productos de cosm\u00e9tica facial, corporal y capilar que mejor se adapten a tus necesidades. Trabajamos una amplia gama de productos que son capaces de tratar todo tipo de patolog\u00edas como pueden [&hellip;]<\/p>\n","protected":false},"author":8,"featured_media":2412,"parent":0,"menu_order":0,"comment_status":"closed","ping_status":"closed","template":"","meta":{"footnotes":""},"class_list":["post-1924","page","type-page","status-publish","has-post-thumbnail","hentry"],"yoast_head":"<!-- This site is optimized with the Yoast SEO plugin v24.8.1 - https:\/\/yoast.com\/wordpress\/plugins\/seo\/ -->\n<title>Analisis de la piel. Conoce tu tipo de piel y tu crema perfecta<\/title>\n<meta name=\"description\" content=\"Mediante un moderno dermoanalizador nuestros especialistas te asesorar\u00e1n sobre los productos de cosm\u00e9tica facial, corporal y capilar que mejor se adapten a tus necesidades.\" \/>\n<meta name=\"robots\" content=\"index, follow, max-snippet:-1, max-image-preview:large, max-video-preview:-1\" \/>\n<link rel=\"canonical\" href=\"https:\/\/farmaciaruizgolvano.com\/?page_id=1924\" \/>\n<meta property=\"og:locale\" content=\"es_ES\" \/>\n<meta property=\"og:type\" content=\"article\" \/>\n<meta property=\"og:title\" content=\"Analisis de la piel. Conoce tu tipo de piel y tu crema perfecta\" \/>\n<meta property=\"og:description\" content=\"Mediante un moderno dermoanalizador nuestros especialistas te asesorar\u00e1n sobre los productos de cosm\u00e9tica facial, corporal y capilar que mejor se adapten a tus necesidades.\" \/>\n<meta property=\"og:url\" content=\"https:\/\/farmaciaruizgolvano.com\/?page_id=1924\" \/>\n<meta property=\"og:site_name\" content=\"Farmacia Ruiz Golvano\" \/>\n<meta property=\"article:publisher\" content=\"http:\/\/www.facebook.com\/FarmaciaRuizGolvanoPaula\" \/>\n<meta property=\"article:modified_time\" content=\"2018-02-16T12:00:48+00:00\" \/>\n<meta property=\"og:image\" content=\"https:\/\/farmaciaruizgolvano.com\/wp-content\/uploads\/28_DermoanalizadorConsejo-IFP.jpg\" \/>\n\t<meta property=\"og:image:width\" content=\"1920\" \/>\n\t<meta property=\"og:image:height\" content=\"500\" \/>\n\t<meta property=\"og:image:type\" content=\"image\/jpeg\" \/>\n<meta name=\"twitter:label1\" content=\"Tiempo de lectura\" \/>\n\t<meta name=\"twitter:data1\" content=\"3 minutos\" \/>\n<script type=\"application\/ld+json\" class=\"yoast-schema-graph\">{\"@context\":\"https:\/\/schema.org\",\"@graph\":[{\"@type\":\"WebPage\",\"@id\":\"https:\/\/farmaciaruizgolvano.com\/?page_id=1924\",\"url\":\"https:\/\/farmaciaruizgolvano.com\/?page_id=1924\",\"name\":\"Analisis de la piel. Conoce tu tipo de piel y tu crema perfecta\",\"isPartOf\":{\"@id\":\"https:\/\/farmaciaruizgolvano.com\/#website\"},\"primaryImageOfPage\":{\"@id\":\"https:\/\/farmaciaruizgolvano.com\/?page_id=1924#primaryimage\"},\"image\":{\"@id\":\"https:\/\/farmaciaruizgolvano.com\/?page_id=1924#primaryimage\"},\"thumbnailUrl\":\"https:\/\/farmaciaruizgolvano.com\/wp-content\/uploads\/28_DermoanalizadorConsejo-IFP.jpg\",\"datePublished\":\"2014-09-11T09:03:01+00:00\",\"dateModified\":\"2018-02-16T12:00:48+00:00\",\"description\":\"Mediante un moderno dermoanalizador nuestros especialistas te asesorar\u00e1n sobre los productos de cosm\u00e9tica facial, corporal y capilar que mejor se adapten a tus necesidades.\",\"breadcrumb\":{\"@id\":\"https:\/\/farmaciaruizgolvano.com\/?page_id=1924#breadcrumb\"},\"inLanguage\":\"es\",\"potentialAction\":[{\"@type\":\"ReadAction\",\"target\":[\"https:\/\/farmaciaruizgolvano.com\/?page_id=1924\"]}]},{\"@type\":\"ImageObject\",\"inLanguage\":\"es\",\"@id\":\"https:\/\/farmaciaruizgolvano.com\/?page_id=1924#primaryimage\",\"url\":\"https:\/\/farmaciaruizgolvano.com\/wp-content\/uploads\/28_DermoanalizadorConsejo-IFP.jpg\",\"contentUrl\":\"https:\/\/farmaciaruizgolvano.com\/wp-content\/uploads\/28_DermoanalizadorConsejo-IFP.jpg\",\"width\":1920,\"height\":500},{\"@type\":\"BreadcrumbList\",\"@id\":\"https:\/\/farmaciaruizgolvano.com\/?page_id=1924#breadcrumb\",\"itemListElement\":[{\"@type\":\"ListItem\",\"position\":1,\"name\":\"Portada\",\"item\":\"https:\/\/farmaciaruizgolvano.com\/\"},{\"@type\":\"ListItem\",\"position\":2,\"name\":\"An\u00e1lisis de piel y asesoramiento cosm\u00e9tico\"}]},{\"@type\":\"WebSite\",\"@id\":\"https:\/\/farmaciaruizgolvano.com\/#website\",\"url\":\"https:\/\/farmaciaruizgolvano.com\/\",\"name\":\"Farmacia Ruiz Golvano\",\"description\":\"\",\"publisher\":{\"@id\":\"https:\/\/farmaciaruizgolvano.com\/#organization\"},\"potentialAction\":[{\"@type\":\"SearchAction\",\"target\":{\"@type\":\"EntryPoint\",\"urlTemplate\":\"https:\/\/farmaciaruizgolvano.com\/?s={search_term_string}\"},\"query-input\":{\"@type\":\"PropertyValueSpecification\",\"valueRequired\":true,\"valueName\":\"search_term_string\"}}],\"inLanguage\":\"es\"},{\"@type\":\"Organization\",\"@id\":\"https:\/\/farmaciaruizgolvano.com\/#organization\",\"name\":\"Farmacia Ruiz Golvano\",\"url\":\"https:\/\/farmaciaruizgolvano.com\/\",\"logo\":{\"@type\":\"ImageObject\",\"inLanguage\":\"es\",\"@id\":\"https:\/\/farmaciaruizgolvano.com\/#\/schema\/logo\/image\/\",\"url\":\"https:\/\/farmaciaruizgolvano.com\/wp-content\/uploads\/logo1-e14108719298411.png\",\"contentUrl\":\"https:\/\/farmaciaruizgolvano.com\/wp-content\/uploads\/logo1-e14108719298411.png\",\"width\":200,\"height\":63,\"caption\":\"Farmacia Ruiz Golvano\"},\"image\":{\"@id\":\"https:\/\/farmaciaruizgolvano.com\/#\/schema\/logo\/image\/\"},\"sameAs\":[\"http:\/\/www.facebook.com\/FarmaciaRuizGolvanoPaula\",\"https:\/\/x.com\/farmapaularuiz\",\"http:\/\/www.instagram.com\/ruizgolvanopaula\/\",\"https:\/\/es.linkedin.com\/in\/farmacia-ortopedia-paula-ruiz-golvano-b6a62599\"]}]}<\/script>\n<!-- \/ Yoast SEO plugin. -->","yoast_head_json":{"title":"Analisis de la piel. Conoce tu tipo de piel y tu crema perfecta","description":"Mediante un moderno dermoanalizador nuestros especialistas te asesorar\u00e1n sobre los productos de cosm\u00e9tica facial, corporal y capilar que mejor se adapten a tus necesidades.","robots":{"index":"index","follow":"follow","max-snippet":"max-snippet:-1","max-image-preview":"max-image-preview:large","max-video-preview":"max-video-preview:-1"},"canonical":"https:\/\/farmaciaruizgolvano.com\/?page_id=1924","og_locale":"es_ES","og_type":"article","og_title":"Analisis de la piel. Conoce tu tipo de piel y tu crema perfecta","og_description":"Mediante un moderno dermoanalizador nuestros especialistas te asesorar\u00e1n sobre los productos de cosm\u00e9tica facial, corporal y capilar que mejor se adapten a tus necesidades.","og_url":"https:\/\/farmaciaruizgolvano.com\/?page_id=1924","og_site_name":"Farmacia Ruiz Golvano","article_publisher":"http:\/\/www.facebook.com\/FarmaciaRuizGolvanoPaula","article_modified_time":"2018-02-16T12:00:48+00:00","og_image":[{"width":1920,"height":500,"url":"https:\/\/farmaciaruizgolvano.com\/wp-content\/uploads\/28_DermoanalizadorConsejo-IFP.jpg","type":"image\/jpeg"}],"twitter_misc":{"Tiempo de lectura":"3 minutos"},"schema":{"@context":"https:\/\/schema.org","@graph":[{"@type":"WebPage","@id":"https:\/\/farmaciaruizgolvano.com\/?page_id=1924","url":"https:\/\/farmaciaruizgolvano.com\/?page_id=1924","name":"Analisis de la piel. Conoce tu tipo de piel y tu crema perfecta","isPartOf":{"@id":"https:\/\/farmaciaruizgolvano.com\/#website"},"primaryImageOfPage":{"@id":"https:\/\/farmaciaruizgolvano.com\/?page_id=1924#primaryimage"},"image":{"@id":"https:\/\/farmaciaruizgolvano.com\/?page_id=1924#primaryimage"},"thumbnailUrl":"https:\/\/farmaciaruizgolvano.com\/wp-content\/uploads\/28_DermoanalizadorConsejo-IFP.jpg","datePublished":"2014-09-11T09:03:01+00:00","dateModified":"2018-02-16T12:00:48+00:00","description":"Mediante un moderno dermoanalizador nuestros especialistas te asesorar\u00e1n sobre los productos de cosm\u00e9tica facial, corporal y capilar que mejor se adapten a tus necesidades.","breadcrumb":{"@id":"https:\/\/farmaciaruizgolvano.com\/?page_id=1924#breadcrumb"},"inLanguage":"es","potentialAction":[{"@type":"ReadAction","target":["https:\/\/farmaciaruizgolvano.com\/?page_id=1924"]}]},{"@type":"ImageObject","inLanguage":"es","@id":"https:\/\/farmaciaruizgolvano.com\/?page_id=1924#primaryimage","url":"https:\/\/farmaciaruizgolvano.com\/wp-content\/uploads\/28_DermoanalizadorConsejo-IFP.jpg","contentUrl":"https:\/\/farmaciaruizgolvano.com\/wp-content\/uploads\/28_DermoanalizadorConsejo-IFP.jpg","width":1920,"height":500},{"@type":"BreadcrumbList","@id":"https:\/\/farmaciaruizgolvano.com\/?page_id=1924#breadcrumb","itemListElement":[{"@type":"ListItem","position":1,"name":"Portada","item":"https:\/\/farmaciaruizgolvano.com\/"},{"@type":"ListItem","position":2,"name":"An\u00e1lisis de piel y asesoramiento cosm\u00e9tico"}]},{"@type":"WebSite","@id":"https:\/\/farmaciaruizgolvano.com\/#website","url":"https:\/\/farmaciaruizgolvano.com\/","name":"Farmacia Ruiz Golvano","description":"","publisher":{"@id":"https:\/\/farmaciaruizgolvano.com\/#organization"},"potentialAction":[{"@type":"SearchAction","target":{"@type":"EntryPoint","urlTemplate":"https:\/\/farmaciaruizgolvano.com\/?s={search_term_string}"},"query-input":{"@type":"PropertyValueSpecification","valueRequired":true,"valueName":"search_term_string"}}],"inLanguage":"es"},{"@type":"Organization","@id":"https:\/\/farmaciaruizgolvano.com\/#organization","name":"Farmacia Ruiz Golvano","url":"https:\/\/farmaciaruizgolvano.com\/","logo":{"@type":"ImageObject","inLanguage":"es","@id":"https:\/\/farmaciaruizgolvano.com\/#\/schema\/logo\/image\/","url":"https:\/\/farmaciaruizgolvano.com\/wp-content\/uploads\/logo1-e14108719298411.png","contentUrl":"https:\/\/farmaciaruizgolvano.com\/wp-content\/uploads\/logo1-e14108719298411.png","width":200,"height":63,"caption":"Farmacia Ruiz Golvano"},"image":{"@id":"https:\/\/farmaciaruizgolvano.com\/#\/schema\/logo\/image\/"},"sameAs":["http:\/\/www.facebook.com\/FarmaciaRuizGolvanoPaula","https:\/\/x.com\/farmapaularuiz","http:\/\/www.instagram.com\/ruizgolvanopaula\/","https:\/\/es.linkedin.com\/in\/farmacia-ortopedia-paula-ruiz-golvano-b6a62599"]}]}},"_links":{"self":[{"href":"https:\/\/farmaciaruizgolvano.com\/index.php?rest_route=\/wp\/v2\/pages\/1924","targetHints":{"allow":["GET"]}}],"collection":[{"href":"https:\/\/farmaciaruizgolvano.com\/index.php?rest_route=\/wp\/v2\/pages"}],"about":[{"href":"https:\/\/farmaciaruizgolvano.com\/index.php?rest_route=\/wp\/v2\/types\/page"}],"author":[{"embeddable":true,"href":"https:\/\/farmaciaruizgolvano.com\/index.php?rest_route=\/wp\/v2\/users\/8"}],"replies":[{"embeddable":true,"href":"https:\/\/farmaciaruizgolvano.com\/index.php?rest_route=%2Fwp%2Fv2%2Fcomments&post=1924"}],"version-history":[{"count":26,"href":"https:\/\/farmaciaruizgolvano.com\/index.php?rest_route=\/wp\/v2\/pages\/1924\/revisions"}],"predecessor-version":[{"id":3269,"href":"https:\/\/farmaciaruizgolvano.com\/index.php?rest_route=\/wp\/v2\/pages\/1924\/revisions\/3269"}],"wp:featuredmedia":[{"embeddable":true,"href":"https:\/\/farmaciaruizgolvano.com\/index.php?rest_route=\/wp\/v2\/media\/2412"}],"wp:attachment":[{"href":"https:\/\/farmaciaruizgolvano.com\/index.php?rest_route=%2Fwp%2Fv2%2Fmedia&parent=1924"}],"curies":[{"name":"wp","href":"https:\/\/api.w.org\/{rel}","templated":true}]}}